{"id":1786,"date":"2019-07-31T10:38:05","date_gmt":"2019-07-31T07:38:05","guid":{"rendered":"https:\/\/sistematiks.com\/zivju-audzetava-2\/"},"modified":"2026-03-09T13:19:27","modified_gmt":"2026-03-09T11:19:27","slug":"zivju-audzetava-2","status":"publish","type":"page","link":"https:\/\/sistematiks.com\/lv\/zivju-audzetava-2\/","title":{"rendered":"Zivju audz\u0113tava"},"content":{"rendered":"\n<style type=\"text\/css\" data-created_by=\"avia_inline_auto\" id=\"style-css-av-jxualtnu-0edc0895caa213d69829f375ea3d7da7\">\n.avia-section.av-jxualtnu-0edc0895caa213d69829f375ea3d7da7{\nbackground-repeat:no-repeat;\nbackground-image:url(https:\/\/sistematiks.com\/wp-content\/uploads\/2019\/07\/P7280085.jpg);\nbackground-position:50% 50%;\nbackground-attachment:scroll;\n}\n.avia-section.av-jxualtnu-0edc0895caa213d69829f375ea3d7da7 .av-section-color-overlay{\nopacity:0.8;\nbackground-color:#32587c;\n}\n<\/style>\n<div id='av_section_1'  class='avia-section av-jxualtnu-0edc0895caa213d69829f375ea3d7da7 main_color avia-section-default avia-no-border-styling  avia-builder-el-0  el_before_av_section  avia-builder-el-first  av-small-hide av-mini-hide avia-full-stretch avia-bg-style-scroll av-section-color-overlay-active container_wrap sidebar_right'  data-section-bg-repeat='stretch'><div class=\"av-section-color-overlay-wrap\"><div class=\"av-section-color-overlay\"><\/div><div class='container av-section-cont-open' ><main  role=\"main\" itemprop=\"mainContentOfPage\"  class='template-page content  av-content-small alpha units'><div class='post-entry post-entry-type-page post-entry-1786'><div class='entry-content-wrapper clearfix'>\n\n<style type=\"text\/css\" data-created_by=\"avia_inline_auto\" id=\"style-css-av-iufzx-cf965dbf47b178a973ee7390f8368311\">\n.flex_column.av-iufzx-cf965dbf47b178a973ee7390f8368311{\nborder-radius:0px 0px 0px 0px;\npadding:0px 0px 0px 0px;\n}\n<\/style>\n<div  class='flex_column av-iufzx-cf965dbf47b178a973ee7390f8368311 av_one_fifth  avia-builder-el-1  el_before_av_three_fifth  avia-builder-el-first  first flex_column_div av-zero-column-padding  '     ><\/div>\n<style type=\"text\/css\" data-created_by=\"avia_inline_auto\" id=\"style-css-av-1eklp-14ffc3afaeb4950ece578309b716d876\">\n.flex_column.av-1eklp-14ffc3afaeb4950ece578309b716d876{\nborder-radius:0px 0px 0px 0px;\npadding:0px 0px 0px 0px;\n}\n<\/style>\n<div  class='flex_column av-1eklp-14ffc3afaeb4950ece578309b716d876 av_three_fifth  avia-builder-el-2  el_after_av_one_fifth  el_before_av_one_fifth  flex_column_div av-zero-column-padding  '     ><p>\n<style type=\"text\/css\" data-created_by=\"avia_inline_auto\" id=\"style-css-av-jxuaq75p-86e1cf3c2ff4aff992f9b1c4ca236860\">\n.avia-image-container.av-jxuaq75p-86e1cf3c2ff4aff992f9b1c4ca236860 img.avia_image{\nbox-shadow:none;\n}\n.avia-image-container.av-jxuaq75p-86e1cf3c2ff4aff992f9b1c4ca236860 .av-image-caption-overlay-center{\ncolor:#ffffff;\n}\n<\/style>\n<div  class='avia-image-container av-jxuaq75p-86e1cf3c2ff4aff992f9b1c4ca236860 av-styling-no-styling avia-align-center  avia-builder-el-3  el_before_av_heading  avia-builder-el-first '   itemprop=\"image\" itemscope=\"itemscope\" itemtype=\"https:\/\/schema.org\/ImageObject\" ><div class=\"avia-image-container-inner\"><div class=\"avia-image-overlay-wrap\"><img decoding=\"async\" fetchpriority=\"high\" class='wp-image-1504 avia-img-lazy-loading-not-1504 avia_image ' src=\"https:\/\/sistematiks.com\/wp-content\/uploads\/2019\/07\/sistematiks_logo_white-2.png\" alt='' title='sistematiks_logo_white (2)'  height=\"78\" width=\"128\"  itemprop=\"thumbnailUrl\"  \/><\/div><\/div><\/div><br \/>\n\n<style type=\"text\/css\" data-created_by=\"avia_inline_auto\" id=\"style-css-av-avvyc-4b15c8c212c9021c2b72d63de29caf46\">\n#top .av-special-heading.av-avvyc-4b15c8c212c9021c2b72d63de29caf46{\npadding-bottom:10px;\ncolor:#ffffff;\n}\nbody .av-special-heading.av-avvyc-4b15c8c212c9021c2b72d63de29caf46 .av-special-heading-tag .heading-char{\nfont-size:25px;\n}\n.av-special-heading.av-avvyc-4b15c8c212c9021c2b72d63de29caf46 .special-heading-inner-border{\nborder-color:#ffffff;\n}\n.av-special-heading.av-avvyc-4b15c8c212c9021c2b72d63de29caf46 .av-subheading{\nfont-size:15px;\n}\n<\/style>\n<div  class='av-special-heading av-avvyc-4b15c8c212c9021c2b72d63de29caf46 av-special-heading-h1 custom-color-heading blockquote modern-quote modern-centered  avia-builder-el-4  el_after_av_image  el_before_av_textblock  av-linked-heading'><h1 class='av-special-heading-tag '  itemprop=\"headline\"  >Zivju audz\u0113tava<\/h1><div class=\"special-heading-border\"><div class=\"special-heading-inner-border\"><\/div><\/div><\/div><br \/>\n\n<style type=\"text\/css\" data-created_by=\"avia_inline_auto\" id=\"style-css-av-jxuapimb-fab799458a5051cdcb15ee7f3bd015d3\">\n#top .av_textblock_section.av-jxuapimb-fab799458a5051cdcb15ee7f3bd015d3 .avia_textblock{\nfont-size:18px;\ncolor:#ffffff;\n}\n<\/style>\n<section  class='av_textblock_section av-jxuapimb-fab799458a5051cdcb15ee7f3bd015d3 '   itemscope=\"itemscope\" itemtype=\"https:\/\/schema.org\/CreativeWork\" ><div class='avia_textblock av_inherit_color'  itemprop=\"text\" ><p style=\"text-align: center; font-weight: 500; line-height: 1.3;\">Zivju audz\u0113\u0161ana sl\u0113gt\u0101s telp\u0101s &#8211; iesp\u0113jama un efekt\u012bva, ja p\u0101rzina tehnolo\u0123ijas un automatiz\u0113 procesus.<\/p>\n<\/div><\/section><\/p><\/div>\n<style type=\"text\/css\" data-created_by=\"avia_inline_auto\" id=\"style-css-av-8fohh-e461e988cb24cb16c3dc4174270428e4\">\n.flex_column.av-8fohh-e461e988cb24cb16c3dc4174270428e4{\nborder-radius:0px 0px 0px 0px;\npadding:0px 0px 0px 0px;\n}\n<\/style>\n<div  class='flex_column av-8fohh-e461e988cb24cb16c3dc4174270428e4 av_one_fifth  avia-builder-el-6  el_after_av_three_fifth  avia-builder-el-last  flex_column_div av-zero-column-padding  '     ><\/div>\n\n<\/div><\/div><\/main><!-- close content main element --><\/div><\/div><\/div>\n<style type=\"text\/css\" data-created_by=\"avia_inline_auto\" id=\"style-css-av-jxualtnu-1af4d2e7026345a67173eb4b7dc3dc41\">\n.avia-section.av-jxualtnu-1af4d2e7026345a67173eb4b7dc3dc41{\nbackground-repeat:no-repeat;\nbackground-image:url(https:\/\/sistematiks.com\/wp-content\/uploads\/2019\/07\/P7280085.jpg);\nbackground-position:50% 50%;\nbackground-attachment:scroll;\n}\n.avia-section.av-jxualtnu-1af4d2e7026345a67173eb4b7dc3dc41 .av-section-color-overlay{\nopacity:0.8;\nbackground-color:#32587c;\n}\n<\/style>\n<div id='av_section_2'  class='avia-section av-jxualtnu-1af4d2e7026345a67173eb4b7dc3dc41 main_color avia-section-small avia-no-border-styling  avia-builder-el-7  el_after_av_section  el_before_av_section  av-desktop-hide av-medium-hide avia-full-stretch avia-bg-style-scroll av-section-color-overlay-active container_wrap sidebar_right'  data-section-bg-repeat='stretch'><div class=\"av-section-color-overlay-wrap\"><div class=\"av-section-color-overlay\"><\/div><div class='container av-section-cont-open' ><div class='template-page content  av-content-small alpha units'><div class='post-entry post-entry-type-page post-entry-1786'><div class='entry-content-wrapper clearfix'>\n\n<style type=\"text\/css\" data-created_by=\"avia_inline_auto\" id=\"style-css-av-iufzx-cf965dbf47b178a973ee7390f8368311\">\n.flex_column.av-iufzx-cf965dbf47b178a973ee7390f8368311{\nborder-radius:0px 0px 0px 0px;\npadding:0px 0px 0px 0px;\n}\n<\/style>\n<div  class='flex_column av-iufzx-cf965dbf47b178a973ee7390f8368311 av_one_fifth  avia-builder-el-8  el_before_av_three_fifth  avia-builder-el-first  first flex_column_div av-zero-column-padding  '     ><\/div>\n<style type=\"text\/css\" data-created_by=\"avia_inline_auto\" id=\"style-css-av-1eklp-14ffc3afaeb4950ece578309b716d876\">\n.flex_column.av-1eklp-14ffc3afaeb4950ece578309b716d876{\nborder-radius:0px 0px 0px 0px;\npadding:0px 0px 0px 0px;\n}\n<\/style>\n<div  class='flex_column av-1eklp-14ffc3afaeb4950ece578309b716d876 av_three_fifth  avia-builder-el-9  el_after_av_one_fifth  el_before_av_one_fifth  flex_column_div av-zero-column-padding  '     ><p>\n<style type=\"text\/css\" data-created_by=\"avia_inline_auto\" id=\"style-css-av-jxuaq75p-86e1cf3c2ff4aff992f9b1c4ca236860\">\n.avia-image-container.av-jxuaq75p-86e1cf3c2ff4aff992f9b1c4ca236860 img.avia_image{\nbox-shadow:none;\n}\n.avia-image-container.av-jxuaq75p-86e1cf3c2ff4aff992f9b1c4ca236860 .av-image-caption-overlay-center{\ncolor:#ffffff;\n}\n<\/style>\n<div  class='avia-image-container av-jxuaq75p-86e1cf3c2ff4aff992f9b1c4ca236860 av-styling-no-styling avia-align-center  avia-builder-el-10  el_before_av_heading  avia-builder-el-first '   itemprop=\"image\" itemscope=\"itemscope\" itemtype=\"https:\/\/schema.org\/ImageObject\" ><div class=\"avia-image-container-inner\"><div class=\"avia-image-overlay-wrap\"><img decoding=\"async\" fetchpriority=\"high\" class='wp-image-1504 avia-img-lazy-loading-not-1504 avia_image ' src=\"https:\/\/sistematiks.com\/wp-content\/uploads\/2019\/07\/sistematiks_logo_white-2.png\" alt='' title='sistematiks_logo_white (2)'  height=\"78\" width=\"128\"  itemprop=\"thumbnailUrl\"  \/><\/div><\/div><\/div><br \/>\n\n<style type=\"text\/css\" data-created_by=\"avia_inline_auto\" id=\"style-css-av-jyr46b26-cc3a85253334b839a815c841b3cc1591\">\n#top .av-special-heading.av-jyr46b26-cc3a85253334b839a815c841b3cc1591{\npadding-bottom:10px;\ncolor:#ffffff;\n}\nbody .av-special-heading.av-jyr46b26-cc3a85253334b839a815c841b3cc1591 .av-special-heading-tag .heading-char{\nfont-size:25px;\n}\n.av-special-heading.av-jyr46b26-cc3a85253334b839a815c841b3cc1591 .special-heading-inner-border{\nborder-color:#ffffff;\n}\n.av-special-heading.av-jyr46b26-cc3a85253334b839a815c841b3cc1591 .av-subheading{\nfont-size:15px;\n}\n<\/style>\n<div  class='av-special-heading av-jyr46b26-cc3a85253334b839a815c841b3cc1591 av-special-heading-h1 custom-color-heading blockquote modern-quote modern-centered  avia-builder-el-11  el_after_av_image  el_before_av_textblock '><h1 class='av-special-heading-tag '  itemprop=\"headline\"  >Zivju audz\u0113tava<\/h1><div class=\"special-heading-border\"><div class=\"special-heading-inner-border\"><\/div><\/div><\/div><br \/>\n\n<style type=\"text\/css\" data-created_by=\"avia_inline_auto\" id=\"style-css-av-jxuapimb-9cc9e9174f738ef3e87cac229f48c014\">\n#top .av_textblock_section.av-jxuapimb-9cc9e9174f738ef3e87cac229f48c014 .avia_textblock{\nfont-size:18px;\ncolor:#ffffff;\n}\n<\/style>\n<section  class='av_textblock_section av-jxuapimb-9cc9e9174f738ef3e87cac229f48c014 '   itemscope=\"itemscope\" itemtype=\"https:\/\/schema.org\/CreativeWork\" ><div class='avia_textblock av_inherit_color'  itemprop=\"text\" ><p style=\"text-align: center; font-weight: 500; line-height: 1.3;\">Ener\u0123ijas ra\u017eo\u0161ana ir viena no visatbild\u012bg\u0101kaj\u0101m jom\u0101m, kur\u0101 nepiecie\u0161amas uzticamas, dro\u0161as un bie\u017ei vien pa\u0161dro\u0161as ier\u012bces, l\u012bdzsvarota pieeja, labi p\u0101rbaud\u012btas un vienlaikus modernas metodes.<\/p>\n<\/div><\/section><\/p><\/div>\n<style type=\"text\/css\" data-created_by=\"avia_inline_auto\" id=\"style-css-av-8fohh-e461e988cb24cb16c3dc4174270428e4\">\n.flex_column.av-8fohh-e461e988cb24cb16c3dc4174270428e4{\nborder-radius:0px 0px 0px 0px;\npadding:0px 0px 0px 0px;\n}\n<\/style>\n<div  class='flex_column av-8fohh-e461e988cb24cb16c3dc4174270428e4 av_one_fifth  avia-builder-el-13  el_after_av_three_fifth  avia-builder-el-last  flex_column_div av-zero-column-padding  '     ><\/div>\n\n<\/div><\/div><\/div><!-- close content main div --><\/div><\/div><\/div><div id='av_section_3'  class='avia-section av-96kyh-0cba30e480ace217e3b449f9b54ad032 main_color avia-section-default avia-no-border-styling  avia-builder-el-14  el_after_av_section  el_before_av_section  avia-bg-style-scroll container_wrap sidebar_right'  ><div class='container av-section-cont-open' ><div class='template-page content  av-content-small alpha units'><div class='post-entry post-entry-type-page post-entry-1786'><div class='entry-content-wrapper clearfix'>\n<section  class='av_textblock_section av-jxzt38fp-e2ca1b87ab6095d7dcc32a820ac51216 '   itemscope=\"itemscope\" itemtype=\"https:\/\/schema.org\/CreativeWork\" ><div class='avia_textblock'  itemprop=\"text\" ><p style=\"text-align: center; font-weight: 600;\"><span style=\"color: b2b2b2;\"><a style=\"color: b2b2b2;\" href=\"\/lv\">M\u0101jas<\/a> &gt; Automatiz\u0101cija &gt;<\/span> Zivju fermas<\/p>\n<\/div><\/section>\n<\/div><\/div><\/div><!-- close content main div --><\/div><\/div><div id='av_section_4'  class='avia-section av-226dl-67c9b3d8958aeb657f7bfe075679c7fc main_color avia-section-default avia-no-border-styling  avia-builder-el-16  el_after_av_section  el_before_av_hr  avia-bg-style-scroll container_wrap sidebar_right'  ><div class='container av-section-cont-open' ><div class='template-page content  av-content-small alpha units'><div class='post-entry post-entry-type-page post-entry-1786'><div class='entry-content-wrapper clearfix'>\n\n<style type=\"text\/css\" data-created_by=\"avia_inline_auto\" id=\"style-css-av-9iv7t-8b4db1a83c62638584ff7dbc14ab8977\">\n.flex_column.av-9iv7t-8b4db1a83c62638584ff7dbc14ab8977{\nborder-radius:0px 0px 0px 0px;\npadding:0px 0px 0px 0px;\n}\n<\/style>\n<div  class='flex_column av-9iv7t-8b4db1a83c62638584ff7dbc14ab8977 av_one_third  avia-builder-el-17  el_before_av_one_third  avia-builder-el-first  first flex_column_div av-zero-column-padding  '     ><style type=\"text\/css\" data-created_by=\"avia_inline_auto\" id=\"style-css-av-jyo47pwo-b310e9e9cb465ff7d5d59dc141d481d7\">\n.avia-image-container.av-jyo47pwo-b310e9e9cb465ff7d5d59dc141d481d7 img.avia_image{\nbox-shadow:none;\n}\n.avia-image-container.av-jyo47pwo-b310e9e9cb465ff7d5d59dc141d481d7 .av-caption-image-overlay-bg{\nopacity:1;\nbackground-color:#32587c;\n}\n.avia-image-container.av-jyo47pwo-b310e9e9cb465ff7d5d59dc141d481d7 .av-image-caption-overlay-center{\ncolor:#ffffff;\nfont-size:14px;\n}\n<\/style>\n<div  class='avia-image-container av-jyo47pwo-b310e9e9cb465ff7d5d59dc141d481d7 av-styling-no-styling av-img-linked avia-align-center  avia-builder-el-18  avia-builder-el-no-sibling  category-block noHover av-overlay-hover-deactivate'   itemprop=\"image\" itemscope=\"itemscope\" itemtype=\"https:\/\/schema.org\/ImageObject\" ><div class=\"avia-image-container-inner\"><div class=\"avia-image-overlay-wrap\"><a href=\"https:\/\/sistematiks.com\/lv\/zivju-audzetava-2\/zivju-audzetava\/\" class='avia_image '  ><div class=\"av-image-caption-overlay\"><div class=\"av-caption-image-overlay-bg\"><\/div><div class=\"av-image-caption-overlay-position\"><div class=\"av-image-caption-overlay-center\"><h3>Zivju audz\u0113tava<\/h3>\n<p>Uz\u0146\u0113mums, kuram ir iev\u0113rojama pieredze komerci\u0101lo zivju audz\u0113\u0161anas tehnolo\u0123iju izstr\u0101d\u0113, 2007. gad\u0101 iesniedza piepras\u012bjumu izstr\u0101d\u0101t automatiz\u0101cijas sist\u0113mu zivju audz\u0113tavai&#8230;<\/p>\n<\/div><\/div><\/div><img decoding=\"async\" fetchpriority=\"high\" class='wp-image-1797 avia-img-lazy-loading-not-1797 avia_image ' src=\"https:\/\/sistematiks.com\/wp-content\/uploads\/2019\/07\/fishfarm.jpg\" alt='' title=''  height=\"500\" width=\"500\"  itemprop=\"thumbnailUrl\" srcset=\"https:\/\/sistematiks.com\/wp-content\/uploads\/2019\/07\/fishfarm.jpg 500w, https:\/\/sistematiks.com\/wp-content\/uploads\/2019\/07\/fishfarm-80x80.jpg 80w, https:\/\/sistematiks.com\/wp-content\/uploads\/2019\/07\/fishfarm-300x300.jpg 300w, https:\/\/sistematiks.com\/wp-content\/uploads\/2019\/07\/fishfarm-36x36.jpg 36w, https:\/\/sistematiks.com\/wp-content\/uploads\/2019\/07\/fishfarm-180x180.jpg 180w, https:\/\/sistematiks.com\/wp-content\/uploads\/2019\/07\/fishfarm-120x120.jpg 120w, https:\/\/sistematiks.com\/wp-content\/uploads\/2019\/07\/fishfarm-450x450.jpg 450w\" sizes=\"(max-width: 500px) 100vw, 500px\" \/><\/a><\/div><\/div><\/div><\/div>\n<style type=\"text\/css\" data-created_by=\"avia_inline_auto\" id=\"style-css-av-dj7z5-f07ab023c2448cf00f42a92037f96d5f\">\n.flex_column.av-dj7z5-f07ab023c2448cf00f42a92037f96d5f{\nborder-radius:0px 0px 0px 0px;\npadding:0px 0px 0px 0px;\n}\n<\/style>\n<div  class='flex_column av-dj7z5-f07ab023c2448cf00f42a92037f96d5f av_one_third  avia-builder-el-19  el_after_av_one_third  el_before_av_one_third  flex_column_div av-zero-column-padding  '     ><\/div>\n<style type=\"text\/css\" data-created_by=\"avia_inline_auto\" id=\"style-css-av-9ol8h-aff75d7027ac8a2370b6e062796c6323\">\n.flex_column.av-9ol8h-aff75d7027ac8a2370b6e062796c6323{\nborder-radius:0px 0px 0px 0px;\npadding:0px 0px 0px 0px;\n}\n<\/style>\n<div  class='flex_column av-9ol8h-aff75d7027ac8a2370b6e062796c6323 av_one_third  avia-builder-el-20  el_after_av_one_third  avia-builder-el-last  flex_column_div av-zero-column-padding  '     ><\/div><\/div><\/div><\/div><!-- close content main div --><\/div><\/div><div id='after_section_4'  class='main_color av_default_container_wrap container_wrap sidebar_right'  ><div class='container av-section-cont-open' ><div class='template-page content  av-content-small alpha units'><div class='post-entry post-entry-type-page post-entry-1786'><div class='entry-content-wrapper clearfix'>\n<style type=\"text\/css\" data-created_by=\"avia_inline_auto\" id=\"style-css-av-jyo4l42f-34a113ef55be055a7caeb33539f5cf74\">\n#top .hr.hr-invisible.av-jyo4l42f-34a113ef55be055a7caeb33539f5cf74{\nheight:15px;\n}\n<\/style>\n<div  class='hr av-jyo4l42f-34a113ef55be055a7caeb33539f5cf74 hr-invisible  avia-builder-el-21  el_after_av_section  avia-builder-el-no-sibling '><span class='hr-inner '><span class=\"hr-inner-style\"><\/span><\/span><\/div><\/p>\n","protected":false},"excerpt":{"rendered":"","protected":false},"author":1,"featured_media":0,"parent":0,"menu_order":0,"comment_status":"closed","ping_status":"closed","template":"","meta":{"footnotes":""},"class_list":["post-1786","page","type-page","status-publish","hentry"],"_links":{"self":[{"href":"https:\/\/sistematiks.com\/lv\/wp-json\/wp\/v2\/pages\/1786","targetHints":{"allow":["GET"]}}],"collection":[{"href":"https:\/\/sistematiks.com\/lv\/wp-json\/wp\/v2\/pages"}],"about":[{"href":"https:\/\/sistematiks.com\/lv\/wp-json\/wp\/v2\/types\/page"}],"author":[{"embeddable":true,"href":"https:\/\/sistematiks.com\/lv\/wp-json\/wp\/v2\/users\/1"}],"replies":[{"embeddable":true,"href":"https:\/\/sistematiks.com\/lv\/wp-json\/wp\/v2\/comments?post=1786"}],"version-history":[{"count":5,"href":"https:\/\/sistematiks.com\/lv\/wp-json\/wp\/v2\/pages\/1786\/revisions"}],"predecessor-version":[{"id":2024,"href":"https:\/\/sistematiks.com\/lv\/wp-json\/wp\/v2\/pages\/1786\/revisions\/2024"}],"wp:attachment":[{"href":"https:\/\/sistematiks.com\/lv\/wp-json\/wp\/v2\/media?parent=1786"}],"curies":[{"name":"wp","href":"https:\/\/api.w.org\/{rel}","templated":true}]}}