{"id":1687,"date":"2019-07-31T11:23:38","date_gmt":"2019-07-31T08:23:38","guid":{"rendered":"https:\/\/sistematiks.com\/udens-attirisana\/"},"modified":"2026-03-09T13:17:16","modified_gmt":"2026-03-09T11:17:16","slug":"udens-attirisana","status":"publish","type":"page","link":"https:\/\/sistematiks.com\/lv\/udens-attirisana\/","title":{"rendered":"\u016adens att\u012br\u012b\u0161ana"},"content":{"rendered":"\n<style type=\"text\/css\" data-created_by=\"avia_inline_auto\" id=\"style-css-av-jxualtnu-1c3238031876cac74fc4d6ec8545b5a2\">\n.avia-section.av-jxualtnu-1c3238031876cac74fc4d6ec8545b5a2{\nbackground-repeat:no-repeat;\nbackground-image:url(https:\/\/sistematiks.com\/wp-content\/uploads\/2019\/07\/IMGP0331.jpg);\nbackground-position:50% 50%;\nbackground-attachment:scroll;\n}\n.avia-section.av-jxualtnu-1c3238031876cac74fc4d6ec8545b5a2 .av-section-color-overlay{\nopacity:0.8;\nbackground-color:#32587c;\n}\n<\/style>\n<div id='av_section_1'  class='avia-section av-jxualtnu-1c3238031876cac74fc4d6ec8545b5a2 main_color avia-section-default avia-no-border-styling  avia-builder-el-0  el_before_av_section  avia-builder-el-first  av-small-hide av-mini-hide avia-full-stretch avia-bg-style-scroll av-section-color-overlay-active container_wrap sidebar_right'  data-section-bg-repeat='stretch'><div class=\"av-section-color-overlay-wrap\"><div class=\"av-section-color-overlay\"><\/div><div class='container av-section-cont-open' ><main  role=\"main\" itemprop=\"mainContentOfPage\"  class='template-page content  av-content-small alpha units'><div class='post-entry post-entry-type-page post-entry-1687'><div class='entry-content-wrapper clearfix'>\n\n<style type=\"text\/css\" data-created_by=\"avia_inline_auto\" id=\"style-css-av-iufzx-cf965dbf47b178a973ee7390f8368311\">\n.flex_column.av-iufzx-cf965dbf47b178a973ee7390f8368311{\nborder-radius:0px 0px 0px 0px;\npadding:0px 0px 0px 0px;\n}\n<\/style>\n<div  class='flex_column av-iufzx-cf965dbf47b178a973ee7390f8368311 av_one_fifth  avia-builder-el-1  el_before_av_three_fifth  avia-builder-el-first  first flex_column_div av-zero-column-padding  '     ><\/div>\n<style type=\"text\/css\" data-created_by=\"avia_inline_auto\" id=\"style-css-av-1eklp-14ffc3afaeb4950ece578309b716d876\">\n.flex_column.av-1eklp-14ffc3afaeb4950ece578309b716d876{\nborder-radius:0px 0px 0px 0px;\npadding:0px 0px 0px 0px;\n}\n<\/style>\n<div  class='flex_column av-1eklp-14ffc3afaeb4950ece578309b716d876 av_three_fifth  avia-builder-el-2  el_after_av_one_fifth  el_before_av_one_fifth  flex_column_div av-zero-column-padding  '     ><p>\n<style type=\"text\/css\" data-created_by=\"avia_inline_auto\" id=\"style-css-av-jxuaq75p-86e1cf3c2ff4aff992f9b1c4ca236860\">\n.avia-image-container.av-jxuaq75p-86e1cf3c2ff4aff992f9b1c4ca236860 img.avia_image{\nbox-shadow:none;\n}\n.avia-image-container.av-jxuaq75p-86e1cf3c2ff4aff992f9b1c4ca236860 .av-image-caption-overlay-center{\ncolor:#ffffff;\n}\n<\/style>\n<div  class='avia-image-container av-jxuaq75p-86e1cf3c2ff4aff992f9b1c4ca236860 av-styling-no-styling avia-align-center  avia-builder-el-3  el_before_av_heading  avia-builder-el-first '   itemprop=\"image\" itemscope=\"itemscope\" itemtype=\"https:\/\/schema.org\/ImageObject\" ><div class=\"avia-image-container-inner\"><div class=\"avia-image-overlay-wrap\"><img decoding=\"async\" fetchpriority=\"high\" class='wp-image-1504 avia-img-lazy-loading-not-1504 avia_image ' src=\"https:\/\/sistematiks.com\/wp-content\/uploads\/2019\/07\/sistematiks_logo_white-2.png\" alt='' title='sistematiks_logo_white (2)'  height=\"78\" width=\"128\"  itemprop=\"thumbnailUrl\"  \/><\/div><\/div><\/div><br \/>\n\n<style type=\"text\/css\" data-created_by=\"avia_inline_auto\" id=\"style-css-av-jyr5vv25-2e7529e7dddfccbab311f0a6620f185d\">\n#top .av-special-heading.av-jyr5vv25-2e7529e7dddfccbab311f0a6620f185d{\npadding-bottom:10px;\ncolor:#ffffff;\n}\nbody .av-special-heading.av-jyr5vv25-2e7529e7dddfccbab311f0a6620f185d .av-special-heading-tag .heading-char{\nfont-size:25px;\n}\n.av-special-heading.av-jyr5vv25-2e7529e7dddfccbab311f0a6620f185d .special-heading-inner-border{\nborder-color:#ffffff;\n}\n.av-special-heading.av-jyr5vv25-2e7529e7dddfccbab311f0a6620f185d .av-subheading{\nfont-size:15px;\n}\n<\/style>\n<div  class='av-special-heading av-jyr5vv25-2e7529e7dddfccbab311f0a6620f185d av-special-heading-h1 custom-color-heading blockquote modern-quote modern-centered  avia-builder-el-4  el_after_av_image  el_before_av_textblock '><h1 class='av-special-heading-tag '  itemprop=\"headline\"  >\u016adens att\u012br\u012b\u0161ana<\/h1><div class=\"special-heading-border\"><div class=\"special-heading-inner-border\"><\/div><\/div><\/div><br \/>\n\n<style type=\"text\/css\" data-created_by=\"avia_inline_auto\" id=\"style-css-av-jxuapimb-9cc9e9174f738ef3e87cac229f48c014\">\n#top .av_textblock_section.av-jxuapimb-9cc9e9174f738ef3e87cac229f48c014 .avia_textblock{\nfont-size:18px;\ncolor:#ffffff;\n}\n<\/style>\n<section  class='av_textblock_section av-jxuapimb-9cc9e9174f738ef3e87cac229f48c014 '   itemscope=\"itemscope\" itemtype=\"https:\/\/schema.org\/CreativeWork\" ><div class='avia_textblock av_inherit_color'  itemprop=\"text\" ><p style=\"text-align: center; font-weight: 500; line-height: 1.3;\">Ikvienam ir nepiecie\u0161ams t\u012brs \u016bdens, katru dienu un visur. T\u0101p\u0113c piepras\u012bjums p\u0113c t\u012bra \u016bdens nep\u0101rtraukti pieaug.<br \/>\n\u016adens att\u012br\u012b\u0161anas metodes at\u0161\u0137iras atkar\u012bb\u0101 no t\u0101, kas ir sist\u0113mas ieej\u0101 un k\u0101das ir izejas kvalit\u0101tes pras\u012bbas.<br \/>\nMums ir pieredze da\u017e\u0101du \u016bdens att\u012br\u012b\u0161anas sist\u0113mu automatiz\u0101cij\u0101, s\u0101kot no notek\u016bde\u0146iem l\u012bdz t\u012bra \u016bdens sagatavo\u0161anai TEC.<\/p>\n<\/div><\/section><\/p><\/div>\n<style type=\"text\/css\" data-created_by=\"avia_inline_auto\" id=\"style-css-av-8fohh-e461e988cb24cb16c3dc4174270428e4\">\n.flex_column.av-8fohh-e461e988cb24cb16c3dc4174270428e4{\nborder-radius:0px 0px 0px 0px;\npadding:0px 0px 0px 0px;\n}\n<\/style>\n<div  class='flex_column av-8fohh-e461e988cb24cb16c3dc4174270428e4 av_one_fifth  avia-builder-el-6  el_after_av_three_fifth  avia-builder-el-last  flex_column_div av-zero-column-padding  '     ><\/div>\n\n<\/div><\/div><\/main><!-- close content main element --><\/div><\/div><\/div>\n<style type=\"text\/css\" data-created_by=\"avia_inline_auto\" id=\"style-css-av-jxualtnu-4081b80cf6a6bf7b287f3541d9ac3bf5\">\n.avia-section.av-jxualtnu-4081b80cf6a6bf7b287f3541d9ac3bf5{\nbackground-repeat:no-repeat;\nbackground-image:url(https:\/\/sistematiks.com\/wp-content\/uploads\/2019\/07\/IMGP0331.jpg);\nbackground-position:50% 50%;\nbackground-attachment:scroll;\n}\n.avia-section.av-jxualtnu-4081b80cf6a6bf7b287f3541d9ac3bf5 .av-section-color-overlay{\nopacity:0.8;\nbackground-color:#32587c;\n}\n<\/style>\n<div id='av_section_2'  class='avia-section av-jxualtnu-4081b80cf6a6bf7b287f3541d9ac3bf5 main_color avia-section-small avia-no-border-styling  avia-builder-el-7  el_after_av_section  el_before_av_section  av-desktop-hide av-medium-hide avia-full-stretch avia-bg-style-scroll av-section-color-overlay-active container_wrap sidebar_right'  data-section-bg-repeat='stretch'><div class=\"av-section-color-overlay-wrap\"><div class=\"av-section-color-overlay\"><\/div><div class='container av-section-cont-open' ><div class='template-page content  av-content-small alpha units'><div class='post-entry post-entry-type-page post-entry-1687'><div class='entry-content-wrapper clearfix'>\n\n<style type=\"text\/css\" data-created_by=\"avia_inline_auto\" id=\"style-css-av-iufzx-cf965dbf47b178a973ee7390f8368311\">\n.flex_column.av-iufzx-cf965dbf47b178a973ee7390f8368311{\nborder-radius:0px 0px 0px 0px;\npadding:0px 0px 0px 0px;\n}\n<\/style>\n<div  class='flex_column av-iufzx-cf965dbf47b178a973ee7390f8368311 av_one_fifth  avia-builder-el-8  el_before_av_three_fifth  avia-builder-el-first  first flex_column_div av-zero-column-padding  '     ><\/div>\n<style type=\"text\/css\" data-created_by=\"avia_inline_auto\" id=\"style-css-av-1eklp-14ffc3afaeb4950ece578309b716d876\">\n.flex_column.av-1eklp-14ffc3afaeb4950ece578309b716d876{\nborder-radius:0px 0px 0px 0px;\npadding:0px 0px 0px 0px;\n}\n<\/style>\n<div  class='flex_column av-1eklp-14ffc3afaeb4950ece578309b716d876 av_three_fifth  avia-builder-el-9  el_after_av_one_fifth  el_before_av_one_fifth  flex_column_div av-zero-column-padding  '     ><p>\n<style type=\"text\/css\" data-created_by=\"avia_inline_auto\" id=\"style-css-av-jxuaq75p-86e1cf3c2ff4aff992f9b1c4ca236860\">\n.avia-image-container.av-jxuaq75p-86e1cf3c2ff4aff992f9b1c4ca236860 img.avia_image{\nbox-shadow:none;\n}\n.avia-image-container.av-jxuaq75p-86e1cf3c2ff4aff992f9b1c4ca236860 .av-image-caption-overlay-center{\ncolor:#ffffff;\n}\n<\/style>\n<div  class='avia-image-container av-jxuaq75p-86e1cf3c2ff4aff992f9b1c4ca236860 av-styling-no-styling avia-align-center  avia-builder-el-10  el_before_av_heading  avia-builder-el-first '   itemprop=\"image\" itemscope=\"itemscope\" itemtype=\"https:\/\/schema.org\/ImageObject\" ><div class=\"avia-image-container-inner\"><div class=\"avia-image-overlay-wrap\"><img decoding=\"async\" fetchpriority=\"high\" class='wp-image-1504 avia-img-lazy-loading-not-1504 avia_image ' src=\"https:\/\/sistematiks.com\/wp-content\/uploads\/2019\/07\/sistematiks_logo_white-2.png\" alt='' title='sistematiks_logo_white (2)'  height=\"78\" width=\"128\"  itemprop=\"thumbnailUrl\"  \/><\/div><\/div><\/div><br \/>\n\n<style type=\"text\/css\" data-created_by=\"avia_inline_auto\" id=\"style-css-av-jyr5w3xh-6684cdf210809d7be781709f51b7cc25\">\n#top .av-special-heading.av-jyr5w3xh-6684cdf210809d7be781709f51b7cc25{\npadding-bottom:10px;\ncolor:#ffffff;\n}\nbody .av-special-heading.av-jyr5w3xh-6684cdf210809d7be781709f51b7cc25 .av-special-heading-tag .heading-char{\nfont-size:25px;\n}\n.av-special-heading.av-jyr5w3xh-6684cdf210809d7be781709f51b7cc25 .special-heading-inner-border{\nborder-color:#ffffff;\n}\n.av-special-heading.av-jyr5w3xh-6684cdf210809d7be781709f51b7cc25 .av-subheading{\nfont-size:15px;\n}\n<\/style>\n<div  class='av-special-heading av-jyr5w3xh-6684cdf210809d7be781709f51b7cc25 av-special-heading-h1 custom-color-heading blockquote modern-quote modern-centered  avia-builder-el-11  el_after_av_image  el_before_av_textblock '><h1 class='av-special-heading-tag '  itemprop=\"headline\"  >\u016adens att\u012br\u012b\u0161ana<\/h1><div class=\"special-heading-border\"><div class=\"special-heading-inner-border\"><\/div><\/div><\/div><br \/>\n\n<style type=\"text\/css\" data-created_by=\"avia_inline_auto\" id=\"style-css-av-jxuapimb-9cc9e9174f738ef3e87cac229f48c014\">\n#top .av_textblock_section.av-jxuapimb-9cc9e9174f738ef3e87cac229f48c014 .avia_textblock{\nfont-size:18px;\ncolor:#ffffff;\n}\n<\/style>\n<section  class='av_textblock_section av-jxuapimb-9cc9e9174f738ef3e87cac229f48c014 '   itemscope=\"itemscope\" itemtype=\"https:\/\/schema.org\/CreativeWork\" ><div class='avia_textblock av_inherit_color'  itemprop=\"text\" ><p style=\"text-align: center; font-weight: 500; line-height: 1.3;\">Ikvienam ir nepiecie\u0161ams t\u012brs \u016bdens, katru dienu un visur. T\u0101p\u0113c piepras\u012bjums p\u0113c t\u012bra \u016bdens nep\u0101rtraukti pieaug.<br \/>\n\u016adens att\u012br\u012b\u0161anas metodes at\u0161\u0137iras atkar\u012bb\u0101 no t\u0101, kas ir sist\u0113mas ieej\u0101 un k\u0101das ir izejas kvalit\u0101tes pras\u012bbas.<br \/>\nMums ir pieredze da\u017e\u0101du \u016bdens att\u012br\u012b\u0161anas sist\u0113mu automatiz\u0101cij\u0101, s\u0101kot no notek\u016bde\u0146iem l\u012bdz t\u012bra \u016bdens sagatavo\u0161anai TEC.<\/p>\n<\/div><\/section><\/p><\/div>\n<style type=\"text\/css\" data-created_by=\"avia_inline_auto\" id=\"style-css-av-8fohh-e461e988cb24cb16c3dc4174270428e4\">\n.flex_column.av-8fohh-e461e988cb24cb16c3dc4174270428e4{\nborder-radius:0px 0px 0px 0px;\npadding:0px 0px 0px 0px;\n}\n<\/style>\n<div  class='flex_column av-8fohh-e461e988cb24cb16c3dc4174270428e4 av_one_fifth  avia-builder-el-13  el_after_av_three_fifth  avia-builder-el-last  flex_column_div av-zero-column-padding  '     ><\/div>\n\n<\/div><\/div><\/div><!-- close content main div --><\/div><\/div><\/div><div id='av_section_3'  class='avia-section av-96kyh-0cba30e480ace217e3b449f9b54ad032 main_color avia-section-default avia-no-border-styling  avia-builder-el-14  el_after_av_section  el_before_av_section  avia-bg-style-scroll container_wrap sidebar_right'  ><div class='container av-section-cont-open' ><div class='template-page content  av-content-small alpha units'><div class='post-entry post-entry-type-page post-entry-1687'><div class='entry-content-wrapper clearfix'>\n<section  class='av_textblock_section av-jxzt38fp-e2ca1b87ab6095d7dcc32a820ac51216 '   itemscope=\"itemscope\" itemtype=\"https:\/\/schema.org\/CreativeWork\" ><div class='avia_textblock'  itemprop=\"text\" ><p style=\"text-align: center; font-weight: 600;\"><span style=\"color: b2b2b2;\"><a style=\"color: b2b2b2;\" href=\"\/lv\">M\u0101jas<\/a> &gt; Automatiz\u0101cija &gt;<\/span> \u016adens att\u012br\u012b\u0161ana<\/p>\n<\/div><\/section>\n<\/div><\/div><\/div><!-- close content main div --><\/div><\/div><div id='av_section_4'  class='avia-section av-226dl-67c9b3d8958aeb657f7bfe075679c7fc main_color avia-section-default avia-no-border-styling  avia-builder-el-16  el_after_av_section  el_before_av_hr  avia-bg-style-scroll container_wrap sidebar_right'  ><div class='container av-section-cont-open' ><div class='template-page content  av-content-small alpha units'><div class='post-entry post-entry-type-page post-entry-1687'><div class='entry-content-wrapper clearfix'>\n\n<style type=\"text\/css\" data-created_by=\"avia_inline_auto\" id=\"style-css-av-9iv7t-8b4db1a83c62638584ff7dbc14ab8977\">\n.flex_column.av-9iv7t-8b4db1a83c62638584ff7dbc14ab8977{\nborder-radius:0px 0px 0px 0px;\npadding:0px 0px 0px 0px;\n}\n<\/style>\n<div  class='flex_column av-9iv7t-8b4db1a83c62638584ff7dbc14ab8977 av_one_third  avia-builder-el-17  el_before_av_one_third  avia-builder-el-first  first flex_column_div av-zero-column-padding  '     ><style type=\"text\/css\" data-created_by=\"avia_inline_auto\" id=\"style-css-av-jyo47pwo-7e7219d3c9dd0edbabcec52a6d9bcb71\">\n.avia-image-container.av-jyo47pwo-7e7219d3c9dd0edbabcec52a6d9bcb71 img.avia_image{\nbox-shadow:none;\n}\n.avia-image-container.av-jyo47pwo-7e7219d3c9dd0edbabcec52a6d9bcb71 .av-caption-image-overlay-bg{\nopacity:1;\nbackground-color:#32587c;\n}\n.avia-image-container.av-jyo47pwo-7e7219d3c9dd0edbabcec52a6d9bcb71 .av-image-caption-overlay-center{\ncolor:#ffffff;\nfont-size:14px;\n}\n<\/style>\n<div  class='avia-image-container av-jyo47pwo-7e7219d3c9dd0edbabcec52a6d9bcb71 av-styling-no-styling av-img-linked avia-align-center  avia-builder-el-18  avia-builder-el-no-sibling  category-block noHover av-overlay-hover-deactivate'   itemprop=\"image\" itemscope=\"itemscope\" itemtype=\"https:\/\/schema.org\/ImageObject\" ><div class=\"avia-image-container-inner\"><div class=\"avia-image-overlay-wrap\"><a href=\"https:\/\/sistematiks.com\/lv\/udens-attirisana\/notekudeni\/\" class='avia_image '  ><div class=\"av-image-caption-overlay\"><div class=\"av-caption-image-overlay-bg\"><\/div><div class=\"av-image-caption-overlay-position\"><div class=\"av-image-caption-overlay-center\"><h3>Notek\u016bde\u0146i<\/h3>\n<p>Kop\u0161 2016. gada vidus ir izveidota vad\u012bbas sist\u0113mu s\u0113rija 15 \u016bdens att\u012br\u012b\u0161anas iek\u0101rt\u0101m gan Latvij\u0101, gan \u0101rvalst\u012bs&#8230;<\/p>\n<\/div><\/div><\/div><img decoding=\"async\" fetchpriority=\"high\" class='wp-image-1689 avia-img-lazy-loading-not-1689 avia_image ' src=\"https:\/\/sistematiks.com\/wp-content\/uploads\/2019\/07\/flotlife.jpg\" alt='' title=''  height=\"500\" width=\"500\"  itemprop=\"thumbnailUrl\" srcset=\"https:\/\/sistematiks.com\/wp-content\/uploads\/2019\/07\/flotlife.jpg 500w, https:\/\/sistematiks.com\/wp-content\/uploads\/2019\/07\/flotlife-80x80.jpg 80w, https:\/\/sistematiks.com\/wp-content\/uploads\/2019\/07\/flotlife-300x300.jpg 300w, https:\/\/sistematiks.com\/wp-content\/uploads\/2019\/07\/flotlife-36x36.jpg 36w, https:\/\/sistematiks.com\/wp-content\/uploads\/2019\/07\/flotlife-180x180.jpg 180w, https:\/\/sistematiks.com\/wp-content\/uploads\/2019\/07\/flotlife-120x120.jpg 120w, https:\/\/sistematiks.com\/wp-content\/uploads\/2019\/07\/flotlife-450x450.jpg 450w\" sizes=\"(max-width: 500px) 100vw, 500px\" \/><\/a><\/div><\/div><\/div><\/div>\n<style type=\"text\/css\" data-created_by=\"avia_inline_auto\" id=\"style-css-av-9iv7t-493766910ea527d461d7272ead22591e\">\n.flex_column.av-9iv7t-493766910ea527d461d7272ead22591e{\nborder-radius:0px 0px 0px 0px;\npadding:0px 0px 0px 0px;\n}\n<\/style>\n<div  class='flex_column av-9iv7t-493766910ea527d461d7272ead22591e av_one_third  avia-builder-el-19  el_after_av_one_third  el_before_av_one_third  flex_column_div av-zero-column-padding  '     ><style type=\"text\/css\" data-created_by=\"avia_inline_auto\" id=\"style-css-av-jyo47pwo-dd9386c76dba8e9f9a0e5ab04555c29d\">\n.avia-image-container.av-jyo47pwo-dd9386c76dba8e9f9a0e5ab04555c29d img.avia_image{\nbox-shadow:none;\n}\n.avia-image-container.av-jyo47pwo-dd9386c76dba8e9f9a0e5ab04555c29d .av-caption-image-overlay-bg{\nopacity:1;\nbackground-color:#32587c;\n}\n.avia-image-container.av-jyo47pwo-dd9386c76dba8e9f9a0e5ab04555c29d .av-image-caption-overlay-center{\ncolor:#ffffff;\nfont-size:14px;\n}\n<\/style>\n<div  class='avia-image-container av-jyo47pwo-dd9386c76dba8e9f9a0e5ab04555c29d av-styling-no-styling av-img-linked avia-align-center  avia-builder-el-20  avia-builder-el-no-sibling  category-block noHover av-overlay-hover-deactivate'   itemprop=\"image\" itemscope=\"itemscope\" itemtype=\"https:\/\/schema.org\/ImageObject\" ><div class=\"avia-image-container-inner\"><div class=\"avia-image-overlay-wrap\"><a href=\"https:\/\/sistematiks.com\/lv\/udens-attirisana\/irkutska\/\" class='avia_image '  aria-label='irkutsk'><div class=\"av-image-caption-overlay\"><div class=\"av-caption-image-overlay-bg\"><\/div><div class=\"av-image-caption-overlay-position\"><div class=\"av-image-caption-overlay-center\"><h3>Irkutska<\/h3>\n<p>\u0160is projekts tika realiz\u0113ts Novoirkutskas termoelektrocentr\u0101les \u0160elehovas segmenta \u016bdens att\u012br\u012b\u0161anas iek\u0101rt\u0101, Krievij\u0101&#8230;<\/p>\n<\/div><\/div><\/div><img decoding=\"async\" fetchpriority=\"high\" class='wp-image-1690 avia-img-lazy-loading-not-1690 avia_image ' src=\"https:\/\/sistematiks.com\/wp-content\/uploads\/2019\/07\/irkutsk.jpg\" alt='' title='irkutsk'  height=\"600\" width=\"600\"  itemprop=\"thumbnailUrl\" srcset=\"https:\/\/sistematiks.com\/wp-content\/uploads\/2019\/07\/irkutsk.jpg 600w, https:\/\/sistematiks.com\/wp-content\/uploads\/2019\/07\/irkutsk-80x80.jpg 80w, https:\/\/sistematiks.com\/wp-content\/uploads\/2019\/07\/irkutsk-300x300.jpg 300w, https:\/\/sistematiks.com\/wp-content\/uploads\/2019\/07\/irkutsk-36x36.jpg 36w, https:\/\/sistematiks.com\/wp-content\/uploads\/2019\/07\/irkutsk-180x180.jpg 180w, https:\/\/sistematiks.com\/wp-content\/uploads\/2019\/07\/irkutsk-120x120.jpg 120w, https:\/\/sistematiks.com\/wp-content\/uploads\/2019\/07\/irkutsk-450x450.jpg 450w\" sizes=\"(max-width: 600px) 100vw, 600px\" \/><\/a><\/div><\/div><\/div><\/div>\n<style type=\"text\/css\" data-created_by=\"avia_inline_auto\" id=\"style-css-av-9ol8h-aff75d7027ac8a2370b6e062796c6323\">\n.flex_column.av-9ol8h-aff75d7027ac8a2370b6e062796c6323{\nborder-radius:0px 0px 0px 0px;\npadding:0px 0px 0px 0px;\n}\n<\/style>\n<div  class='flex_column av-9ol8h-aff75d7027ac8a2370b6e062796c6323 av_one_third  avia-builder-el-21  el_after_av_one_third  avia-builder-el-last  flex_column_div av-zero-column-padding  '     ><\/div><\/div><\/div><\/div><!-- close content main div --><\/div><\/div><div id='after_section_4'  class='main_color av_default_container_wrap container_wrap sidebar_right'  ><div class='container av-section-cont-open' ><div class='template-page content  av-content-small alpha units'><div class='post-entry post-entry-type-page post-entry-1687'><div class='entry-content-wrapper clearfix'>\n<style type=\"text\/css\" data-created_by=\"avia_inline_auto\" id=\"style-css-av-jyo4l42f-34a113ef55be055a7caeb33539f5cf74\">\n#top .hr.hr-invisible.av-jyo4l42f-34a113ef55be055a7caeb33539f5cf74{\nheight:15px;\n}\n<\/style>\n<div  class='hr av-jyo4l42f-34a113ef55be055a7caeb33539f5cf74 hr-invisible  avia-builder-el-22  el_after_av_section  avia-builder-el-no-sibling '><span class='hr-inner '><span class=\"hr-inner-style\"><\/span><\/span><\/div><\/p>\n","protected":false},"excerpt":{"rendered":"","protected":false},"author":1,"featured_media":0,"parent":0,"menu_order":0,"comment_status":"closed","ping_status":"closed","template":"","meta":{"footnotes":""},"class_list":["post-1687","page","type-page","status-publish","hentry"],"_links":{"self":[{"href":"https:\/\/sistematiks.com\/lv\/wp-json\/wp\/v2\/pages\/1687","targetHints":{"allow":["GET"]}}],"collection":[{"href":"https:\/\/sistematiks.com\/lv\/wp-json\/wp\/v2\/pages"}],"about":[{"href":"https:\/\/sistematiks.com\/lv\/wp-json\/wp\/v2\/types\/page"}],"author":[{"embeddable":true,"href":"https:\/\/sistematiks.com\/lv\/wp-json\/wp\/v2\/users\/1"}],"replies":[{"embeddable":true,"href":"https:\/\/sistematiks.com\/lv\/wp-json\/wp\/v2\/comments?post=1687"}],"version-history":[{"count":5,"href":"https:\/\/sistematiks.com\/lv\/wp-json\/wp\/v2\/pages\/1687\/revisions"}],"predecessor-version":[{"id":2018,"href":"https:\/\/sistematiks.com\/lv\/wp-json\/wp\/v2\/pages\/1687\/revisions\/2018"}],"wp:attachment":[{"href":"https:\/\/sistematiks.com\/lv\/wp-json\/wp\/v2\/media?parent=1687"}],"curies":[{"name":"wp","href":"https:\/\/api.w.org\/{rel}","templated":true}]}}