{"id":1621,"date":"2020-01-03T12:08:57","date_gmt":"2020-01-03T10:08:57","guid":{"rendered":"https:\/\/sistematiks.com\/scada\/"},"modified":"2026-03-09T12:11:47","modified_gmt":"2026-03-09T10:11:47","slug":"scada","status":"publish","type":"page","link":"https:\/\/sistematiks.com\/lv\/scada\/","title":{"rendered":"SCADA"},"content":{"rendered":"\n<style type=\"text\/css\" data-created_by=\"avia_inline_auto\" id=\"style-css-av-jxualtnu-a9ff7e9c166dbb09ef828908b70b7d2c\">\n.avia-section.av-jxualtnu-a9ff7e9c166dbb09ef828908b70b7d2c{\nbackground-repeat:no-repeat;\nbackground-image:url(https:\/\/sistematiks.com\/wp-content\/uploads\/2019\/12\/4.jpg);\nbackground-position:50% 50%;\nbackground-attachment:scroll;\n}\n.avia-section.av-jxualtnu-a9ff7e9c166dbb09ef828908b70b7d2c .av-section-color-overlay{\nopacity:0.8;\nbackground-color:#32587c;\n}\n<\/style>\n<div id='av_section_1'  class='avia-section av-jxualtnu-a9ff7e9c166dbb09ef828908b70b7d2c main_color avia-section-large avia-no-border-styling  avia-builder-el-0  el_before_av_section  avia-builder-el-first  av-small-hide av-mini-hide avia-full-stretch avia-bg-style-scroll av-section-color-overlay-active container_wrap sidebar_right'  data-section-bg-repeat='stretch'><div class=\"av-section-color-overlay-wrap\"><div class=\"av-section-color-overlay\"><\/div><div class='container av-section-cont-open' ><main  role=\"main\" itemprop=\"mainContentOfPage\"  class='template-page content  av-content-small alpha units'><div class='post-entry post-entry-type-page post-entry-1621'><div class='entry-content-wrapper clearfix'>\n\n<style type=\"text\/css\" data-created_by=\"avia_inline_auto\" id=\"style-css-av-iufzx-cf965dbf47b178a973ee7390f8368311\">\n.flex_column.av-iufzx-cf965dbf47b178a973ee7390f8368311{\nborder-radius:0px 0px 0px 0px;\npadding:0px 0px 0px 0px;\n}\n<\/style>\n<div  class='flex_column av-iufzx-cf965dbf47b178a973ee7390f8368311 av_one_fifth  avia-builder-el-1  el_before_av_three_fifth  avia-builder-el-first  first flex_column_div av-zero-column-padding  '     ><\/div>\n<style type=\"text\/css\" data-created_by=\"avia_inline_auto\" id=\"style-css-av-1eklp-14ffc3afaeb4950ece578309b716d876\">\n.flex_column.av-1eklp-14ffc3afaeb4950ece578309b716d876{\nborder-radius:0px 0px 0px 0px;\npadding:0px 0px 0px 0px;\n}\n<\/style>\n<div  class='flex_column av-1eklp-14ffc3afaeb4950ece578309b716d876 av_three_fifth  avia-builder-el-2  el_after_av_one_fifth  el_before_av_one_fifth  flex_column_div av-zero-column-padding  '     ><p>\n<style type=\"text\/css\" data-created_by=\"avia_inline_auto\" id=\"style-css-av-jxuaq75p-ff64fc1f7c7d2657c93e99f0ad4c5b77\">\n.avia-image-container.av-jxuaq75p-ff64fc1f7c7d2657c93e99f0ad4c5b77 img.avia_image{\nbox-shadow:none;\n}\n.avia-image-container.av-jxuaq75p-ff64fc1f7c7d2657c93e99f0ad4c5b77 .av-image-caption-overlay-center{\ncolor:#ffffff;\n}\n<\/style>\n<div  class='avia-image-container av-jxuaq75p-ff64fc1f7c7d2657c93e99f0ad4c5b77 av-styling-no-styling avia-align-center  avia-builder-el-3  el_before_av_heading  avia-builder-el-first '   itemprop=\"image\" itemscope=\"itemscope\" itemtype=\"https:\/\/schema.org\/ImageObject\" ><div class=\"avia-image-container-inner\"><div class=\"avia-image-overlay-wrap\"><img decoding=\"async\" fetchpriority=\"high\" class='wp-image-1485 avia-img-lazy-loading-not-1485 avia_image ' src=\"https:\/\/sistematiks.com\/wp-content\/uploads\/2019\/07\/sketch_icon-1.png\" alt='' title='sketch_icon (1)'  height=\"50\" width=\"50\"  itemprop=\"thumbnailUrl\" srcset=\"https:\/\/sistematiks.com\/wp-content\/uploads\/2019\/07\/sketch_icon-1.png 50w, https:\/\/sistematiks.com\/wp-content\/uploads\/2019\/07\/sketch_icon-1-36x36.png 36w\" sizes=\"(max-width: 50px) 100vw, 50px\" \/><\/div><\/div><\/div><br \/>\n\n<style type=\"text\/css\" data-created_by=\"avia_inline_auto\" id=\"style-css-av-k4y460p7-9e5bda2214a70790db5fed04f7374908\">\n#top .av-special-heading.av-k4y460p7-9e5bda2214a70790db5fed04f7374908{\npadding-bottom:10px;\ncolor:#ffffff;\n}\nbody .av-special-heading.av-k4y460p7-9e5bda2214a70790db5fed04f7374908 .av-special-heading-tag .heading-char{\nfont-size:25px;\n}\n.av-special-heading.av-k4y460p7-9e5bda2214a70790db5fed04f7374908 .special-heading-inner-border{\nborder-color:#ffffff;\n}\n.av-special-heading.av-k4y460p7-9e5bda2214a70790db5fed04f7374908 .av-subheading{\nfont-size:15px;\n}\n<\/style>\n<div  class='av-special-heading av-k4y460p7-9e5bda2214a70790db5fed04f7374908 av-special-heading-h1 custom-color-heading blockquote modern-quote modern-centered  avia-builder-el-4  el_after_av_image  el_before_av_textblock '><h1 class='av-special-heading-tag '  itemprop=\"headline\"  >SCADA<\/h1><div class=\"special-heading-border\"><div class=\"special-heading-inner-border\"><\/div><\/div><\/div><br \/>\n\n<style type=\"text\/css\" data-created_by=\"avia_inline_auto\" id=\"style-css-av-jxuapimb-9cc9e9174f738ef3e87cac229f48c014\">\n#top .av_textblock_section.av-jxuapimb-9cc9e9174f738ef3e87cac229f48c014 .avia_textblock{\nfont-size:18px;\ncolor:#ffffff;\n}\n<\/style>\n<section  class='av_textblock_section av-jxuapimb-9cc9e9174f738ef3e87cac229f48c014 '   itemscope=\"itemscope\" itemtype=\"https:\/\/schema.org\/CreativeWork\" ><div class='avia_textblock av_inherit_color'  itemprop=\"text\" ><p style=\"text-align: center; font-weight: 500; line-height: 1.3;\">SCADA integr\u0113\u0161ana j\u016bsu sist\u0113m\u0101 sniegs pla\u0161as iesp\u0113jas.<\/p>\n<\/div><\/section><\/p><\/div>\n<style type=\"text\/css\" data-created_by=\"avia_inline_auto\" id=\"style-css-av-8fohh-e461e988cb24cb16c3dc4174270428e4\">\n.flex_column.av-8fohh-e461e988cb24cb16c3dc4174270428e4{\nborder-radius:0px 0px 0px 0px;\npadding:0px 0px 0px 0px;\n}\n<\/style>\n<div  class='flex_column av-8fohh-e461e988cb24cb16c3dc4174270428e4 av_one_fifth  avia-builder-el-6  el_after_av_three_fifth  avia-builder-el-last  flex_column_div av-zero-column-padding  '     ><\/div>\n\n<\/div><\/div><\/main><!-- close content main element --><\/div><\/div><\/div>\n<style type=\"text\/css\" data-created_by=\"avia_inline_auto\" id=\"style-css-av-jxualtnu-a1db9fdec8b8d72af5700c636d0d1790\">\n.avia-section.av-jxualtnu-a1db9fdec8b8d72af5700c636d0d1790{\nbackground-repeat:no-repeat;\nbackground-image:url(https:\/\/sistematiks.com\/wp-content\/uploads\/2019\/12\/4.jpg);\nbackground-position:50% 50%;\nbackground-attachment:scroll;\n}\n.avia-section.av-jxualtnu-a1db9fdec8b8d72af5700c636d0d1790 .av-section-color-overlay{\nopacity:0.8;\nbackground-color:#32587c;\n}\n<\/style>\n<div id='av_section_2'  class='avia-section av-jxualtnu-a1db9fdec8b8d72af5700c636d0d1790 main_color avia-section-small avia-no-border-styling  avia-builder-el-7  el_after_av_section  el_before_av_section  av-desktop-hide av-medium-hide avia-full-stretch avia-bg-style-scroll av-section-color-overlay-active container_wrap sidebar_right'  data-section-bg-repeat='stretch'><div class=\"av-section-color-overlay-wrap\"><div class=\"av-section-color-overlay\"><\/div><div class='container av-section-cont-open' ><div class='template-page content  av-content-small alpha units'><div class='post-entry post-entry-type-page post-entry-1621'><div class='entry-content-wrapper clearfix'>\n\n<style type=\"text\/css\" data-created_by=\"avia_inline_auto\" id=\"style-css-av-iufzx-cf965dbf47b178a973ee7390f8368311\">\n.flex_column.av-iufzx-cf965dbf47b178a973ee7390f8368311{\nborder-radius:0px 0px 0px 0px;\npadding:0px 0px 0px 0px;\n}\n<\/style>\n<div  class='flex_column av-iufzx-cf965dbf47b178a973ee7390f8368311 av_one_fifth  avia-builder-el-8  el_before_av_three_fifth  avia-builder-el-first  first flex_column_div av-zero-column-padding  '     ><\/div>\n<style type=\"text\/css\" data-created_by=\"avia_inline_auto\" id=\"style-css-av-1eklp-14ffc3afaeb4950ece578309b716d876\">\n.flex_column.av-1eklp-14ffc3afaeb4950ece578309b716d876{\nborder-radius:0px 0px 0px 0px;\npadding:0px 0px 0px 0px;\n}\n<\/style>\n<div  class='flex_column av-1eklp-14ffc3afaeb4950ece578309b716d876 av_three_fifth  avia-builder-el-9  el_after_av_one_fifth  el_before_av_one_fifth  flex_column_div av-zero-column-padding  '     ><p>\n<style type=\"text\/css\" data-created_by=\"avia_inline_auto\" id=\"style-css-av-jxuaq75p-ff64fc1f7c7d2657c93e99f0ad4c5b77\">\n.avia-image-container.av-jxuaq75p-ff64fc1f7c7d2657c93e99f0ad4c5b77 img.avia_image{\nbox-shadow:none;\n}\n.avia-image-container.av-jxuaq75p-ff64fc1f7c7d2657c93e99f0ad4c5b77 .av-image-caption-overlay-center{\ncolor:#ffffff;\n}\n<\/style>\n<div  class='avia-image-container av-jxuaq75p-ff64fc1f7c7d2657c93e99f0ad4c5b77 av-styling-no-styling avia-align-center  avia-builder-el-10  el_before_av_heading  avia-builder-el-first '   itemprop=\"image\" itemscope=\"itemscope\" itemtype=\"https:\/\/schema.org\/ImageObject\" ><div class=\"avia-image-container-inner\"><div class=\"avia-image-overlay-wrap\"><img decoding=\"async\" fetchpriority=\"high\" class='wp-image-1485 avia-img-lazy-loading-not-1485 avia_image ' src=\"https:\/\/sistematiks.com\/wp-content\/uploads\/2019\/07\/sketch_icon-1.png\" alt='' title='sketch_icon (1)'  height=\"50\" width=\"50\"  itemprop=\"thumbnailUrl\" srcset=\"https:\/\/sistematiks.com\/wp-content\/uploads\/2019\/07\/sketch_icon-1.png 50w, https:\/\/sistematiks.com\/wp-content\/uploads\/2019\/07\/sketch_icon-1-36x36.png 36w\" sizes=\"(max-width: 50px) 100vw, 50px\" \/><\/div><\/div><\/div><br \/>\n\n<style type=\"text\/css\" data-created_by=\"avia_inline_auto\" id=\"style-css-av-k4y464qa-aa6f7313a6848504c536d842060893b6\">\n#top .av-special-heading.av-k4y464qa-aa6f7313a6848504c536d842060893b6{\npadding-bottom:10px;\ncolor:#ffffff;\n}\nbody .av-special-heading.av-k4y464qa-aa6f7313a6848504c536d842060893b6 .av-special-heading-tag .heading-char{\nfont-size:25px;\n}\n.av-special-heading.av-k4y464qa-aa6f7313a6848504c536d842060893b6 .special-heading-inner-border{\nborder-color:#ffffff;\n}\n.av-special-heading.av-k4y464qa-aa6f7313a6848504c536d842060893b6 .av-subheading{\nfont-size:15px;\n}\n<\/style>\n<div  class='av-special-heading av-k4y464qa-aa6f7313a6848504c536d842060893b6 av-special-heading-h1 custom-color-heading blockquote modern-quote modern-centered  avia-builder-el-11  el_after_av_image  el_before_av_textblock '><h1 class='av-special-heading-tag '  itemprop=\"headline\"  >SCADA<\/h1><div class=\"special-heading-border\"><div class=\"special-heading-inner-border\"><\/div><\/div><\/div><br \/>\n\n<style type=\"text\/css\" data-created_by=\"avia_inline_auto\" id=\"style-css-av-jxuapimb-9cc9e9174f738ef3e87cac229f48c014\">\n#top .av_textblock_section.av-jxuapimb-9cc9e9174f738ef3e87cac229f48c014 .avia_textblock{\nfont-size:18px;\ncolor:#ffffff;\n}\n<\/style>\n<section  class='av_textblock_section av-jxuapimb-9cc9e9174f738ef3e87cac229f48c014 '   itemscope=\"itemscope\" itemtype=\"https:\/\/schema.org\/CreativeWork\" ><div class='avia_textblock av_inherit_color'  itemprop=\"text\" ><p style=\"text-align: center; font-weight: 500; line-height: 1.3;\">SCADA integr\u0113\u0161ana j\u016bsu sist\u0113m\u0101 sniegs pla\u0161as iesp\u0113jas.<\/p>\n<\/div><\/section><\/p><\/div>\n<style type=\"text\/css\" data-created_by=\"avia_inline_auto\" id=\"style-css-av-8fohh-e461e988cb24cb16c3dc4174270428e4\">\n.flex_column.av-8fohh-e461e988cb24cb16c3dc4174270428e4{\nborder-radius:0px 0px 0px 0px;\npadding:0px 0px 0px 0px;\n}\n<\/style>\n<div  class='flex_column av-8fohh-e461e988cb24cb16c3dc4174270428e4 av_one_fifth  avia-builder-el-13  el_after_av_three_fifth  avia-builder-el-last  flex_column_div av-zero-column-padding  '     ><\/div>\n\n<\/div><\/div><\/div><!-- close content main div --><\/div><\/div><\/div><div id='av_section_3'  class='avia-section av-96kyh-0cba30e480ace217e3b449f9b54ad032 main_color avia-section-default avia-no-border-styling  avia-builder-el-14  el_after_av_section  el_before_av_layout_row  avia-bg-style-scroll container_wrap sidebar_right'  ><div class='container av-section-cont-open' ><div class='template-page content  av-content-small alpha units'><div class='post-entry post-entry-type-page post-entry-1621'><div class='entry-content-wrapper clearfix'>\n<section  class='av_textblock_section av-jxzt38fp-1d16715614198e5fbc79feae554a02e4 '   itemscope=\"itemscope\" itemtype=\"https:\/\/schema.org\/CreativeWork\" ><div class='avia_textblock'  itemprop=\"text\" ><p style=\"text-align: center; font-weight: 600;\"><span style=\"color: b2b2b2;\">Integr\u0101cija &gt;<\/span> SCADA<\/p>\n<\/div><\/section>\n\n<\/div><\/div><\/div><!-- close content main div --><\/div><\/div><div id='av-layout-grid-1'  class='av-layout-grid-container av-h5let-9ec9fcad146211a8df97ebfc2607e44d entry-content-wrapper main_color av-flex-cells  avia-builder-el-16  el_after_av_section  el_before_av_hr  grid-row-not-first  container_wrap sidebar_right'  >\n\n<style type=\"text\/css\" data-created_by=\"avia_inline_auto\" id=\"style-css-av-9p6lp-b471baace600391d09923d47481a9bef\">\n.flex_cell.av-9p6lp-b471baace600391d09923d47481a9bef{\nvertical-align:top;\n}\n.responsive #top #wrap_all .flex_cell.av-9p6lp-b471baace600391d09923d47481a9bef{\npadding:50px 6% 50px 6% !important;\n}\n<\/style>\n<div class='flex_cell av-9p6lp-b471baace600391d09923d47481a9bef av-gridrow-cell av_one_half no_margin  avia-builder-el-17  el_before_av_cell_one_half  avia-builder-el-first  content-align-top'  ><div class='flex_cell_inner'><p>\n<style type=\"text\/css\" data-created_by=\"avia_inline_auto\" id=\"style-css-av-k4y48avf-c6267e4807cf0bf5d718bb59d1d220da\">\n#top .av-special-heading.av-k4y48avf-c6267e4807cf0bf5d718bb59d1d220da{\npadding-bottom:10px;\n}\nbody .av-special-heading.av-k4y48avf-c6267e4807cf0bf5d718bb59d1d220da .av-special-heading-tag .heading-char{\nfont-size:25px;\n}\n.av-special-heading.av-k4y48avf-c6267e4807cf0bf5d718bb59d1d220da .av-subheading{\nfont-size:15px;\n}\n<\/style>\n<div  class='av-special-heading av-k4y48avf-c6267e4807cf0bf5d718bb59d1d220da av-special-heading-h2 blockquote modern-quote modern-centered  avia-builder-el-18  el_before_av_textblock  avia-builder-el-first '><h2 class='av-special-heading-tag '  itemprop=\"headline\"  >SCADA integr\u0113\u0161ana j\u016bsu sist\u0113m\u0101 sniegs pla\u0161as iesp\u0113jas.<\/h2><div class=\"special-heading-border\"><div class=\"special-heading-inner-border\"><\/div><\/div><\/div><br \/>\n<section  class='av_textblock_section av-jxuapimb-55124d705b4dfbb756b85207eeb10afa '   itemscope=\"itemscope\" itemtype=\"https:\/\/schema.org\/CreativeWork\" ><div class='avia_textblock av_inherit_color'  itemprop=\"text\" ><p style=\"text-align: center;\">Atkar\u012bb\u0101 no SCADA tipa, konfigur\u0101cijas un programm\u0113\u0161anas j\u016bs varat ieg\u016bt da\u017e\u0101das sist\u0113mas vad\u012bbas izmai\u0146as, s\u0101kot no t\u0101lvad\u012bbas, sist\u0113mas st\u0101vok\u013ca vizualiz\u0101cijas, kas izveidota atbilsto\u0161i j\u016bsu pras\u012bb\u0101m, l\u012bdz datu glab\u0101\u0161anai arh\u012bva server\u012b, dubl\u0113t\u0101m sist\u0113m\u0101m, operatora darb\u012bbu re\u0123istr\u0113\u0161anai un daudz ko citu.<\/p>\n<p style=\"text-align: center;\">M\u0113s varam pal\u012bdz\u0113t jums integr\u0113t piln\u012bgi jaunu SCADA, atjaunin\u0101t vai papildin\u0101t eso\u0161o, p\u0101riet uz jaun\u0101m ier\u012bc\u0113m un piel\u0101got veco projektu jaun\u0101k\u0101m programmat\u016bras versij\u0101m.<\/p>\n<\/div><\/section><\/p>\n<\/div><\/div>\n<style type=\"text\/css\" data-created_by=\"avia_inline_auto\" id=\"style-css-av-jxuefa0y-2f423560afe6407de9574d74e5e23d11\">\n.flex_cell.av-jxuefa0y-2f423560afe6407de9574d74e5e23d11{\nvertical-align:middle;\nbackground:url(https:\/\/sistematiks.com\/wp-content\/uploads\/2019\/12\/3.jpg) 50% 50% no-repeat scroll ;\n}\n.responsive #top #wrap_all .flex_cell.av-jxuefa0y-2f423560afe6407de9574d74e5e23d11{\npadding:0px 0px 0px 0px !important;\n}\n<\/style>\n<div class='flex_cell av-jxuefa0y-2f423560afe6407de9574d74e5e23d11 av-gridrow-cell av_one_half no_margin  avia-builder-el-20  el_after_av_cell_one_half  avia-builder-el-last  content-align-middle av-zero-padding avia-full-stretch'  ><div class='flex_cell_inner'>\n<style type=\"text\/css\" data-created_by=\"avia_inline_auto\" id=\"style-css-av-jxubuuhg-cb2763e48a4775f5ccae9f8c09f96a19\">\n#top .hr.hr-invisible.av-jxubuuhg-cb2763e48a4775f5ccae9f8c09f96a19{\nheight:250px;\n}\n<\/style>\n<div  class='hr av-jxubuuhg-cb2763e48a4775f5ccae9f8c09f96a19 hr-invisible  avia-builder-el-21  avia-builder-el-no-sibling  av-desktop-hide av-medium-hide'><span class='hr-inner '><span class=\"hr-inner-style\"><\/span><\/span><\/div>\n<\/div><\/div><\/div><div id='after_grid_row_1'  class='main_color av_default_container_wrap container_wrap sidebar_right'  ><div class='container av-section-cont-open' ><div class='template-page content  av-content-small alpha units'><div class='post-entry post-entry-type-page post-entry-1621'><div class='entry-content-wrapper clearfix'>\n<style type=\"text\/css\" data-created_by=\"avia_inline_auto\" id=\"style-css-av-jxubuuhg-8c2fcaa4ee3a170f8ae9744d1a6f2f78\">\n#top .hr.hr-invisible.av-jxubuuhg-8c2fcaa4ee3a170f8ae9744d1a6f2f78{\nheight:30px;\n}\n<\/style>\n<div  class='hr av-jxubuuhg-8c2fcaa4ee3a170f8ae9744d1a6f2f78 hr-invisible  avia-builder-el-22  el_after_av_layout_row  el_before_av_gallery  avia-builder-el-first  av-small-hide av-mini-hide'><span class='hr-inner '><span class=\"hr-inner-style\"><\/span><\/span><\/div><\/p>\n\n<style type=\"text\/css\" data-created_by=\"avia_inline_auto\" id=\"style-css-av-jxzsx135-dd9b66a0321e08b02e6ebcb418a5b80e\">\n#top .avia-gallery.av-jxzsx135-dd9b66a0321e08b02e6ebcb418a5b80e .avia-gallery-thumb a{\nwidth:20%;\n}\n<\/style>\n<div  class='avia-gallery av-jxzsx135-dd9b66a0321e08b02e6ebcb418a5b80e avia_animate_when_visible  avia-builder-el-23  el_after_av_hr  avia-builder-el-last  animations_off avia-gallery-1'  itemprop=\"image\" itemscope=\"itemscope\" itemtype=\"https:\/\/schema.org\/ImageObject\" ><meta itemprop=\"contentURL\" content=\"https:\/\/sistematiks.com\/lv\/scada\/\"><div class='avia-gallery-thumb'><a href=\"https:\/\/sistematiks.com\/wp-content\/uploads\/2019\/12\/1-1030x563.jpg\" data-srcset=\"https:\/\/sistematiks.com\/wp-content\/uploads\/2019\/12\/1-1030x563.jpg 1030w, https:\/\/sistematiks.com\/wp-content\/uploads\/2019\/12\/1-300x164.jpg 300w, https:\/\/sistematiks.com\/wp-content\/uploads\/2019\/12\/1-768x420.jpg 768w, https:\/\/sistematiks.com\/wp-content\/uploads\/2019\/12\/1.jpg 1500w, https:\/\/sistematiks.com\/wp-content\/uploads\/2019\/12\/1-705x385.jpg 705w, https:\/\/sistematiks.com\/wp-content\/uploads\/2019\/12\/1-450x246.jpg 450w\" data-sizes=\"(max-width: 1030px) 100vw, 1030px\" data-rel='gallery-1' data-prev-img='https:\/\/sistematiks.com\/wp-content\/uploads\/2019\/12\/1-495x400.jpg' class='first_thumb lightbox ' data-onclick='1' title='1'  itemprop=\"thumbnailUrl\"  ><img decoding=\"async\" fetchpriority=\"high\" class=\"wp-image-1600 avia-img-lazy-loading-not-1600\"   src=\"https:\/\/sistematiks.com\/wp-content\/uploads\/2019\/12\/1-845x684.jpg\" width=\"845\" height=\"684\"  title='1' alt='' srcset=\"https:\/\/sistematiks.com\/wp-content\/uploads\/2019\/12\/1-845x684.jpg 845w, https:\/\/sistematiks.com\/wp-content\/uploads\/2019\/12\/1-495x400.jpg 495w\" sizes=\"(max-width: 845px) 100vw, 845px\" \/><div class='big-prev-fake'><img decoding=\"async\" loading=\"lazy\" class=\"wp-image-1600 avia-img-lazy-loading-1600\"  width=\"495\" height=\"400\" src=\"https:\/\/sistematiks.com\/wp-content\/uploads\/2019\/12\/1-495x400.jpg\" title='1' alt='' srcset=\"https:\/\/sistematiks.com\/wp-content\/uploads\/2019\/12\/1-495x400.jpg 495w, https:\/\/sistematiks.com\/wp-content\/uploads\/2019\/12\/1-845x684.jpg 845w\" sizes=\"auto, (max-width: 495px) 100vw, 495px\" \/><\/div><\/a><a href=\"https:\/\/sistematiks.com\/wp-content\/uploads\/2019\/12\/2-1030x577.jpg\" data-srcset=\"https:\/\/sistematiks.com\/wp-content\/uploads\/2019\/12\/2-1030x577.jpg 1030w, https:\/\/sistematiks.com\/wp-content\/uploads\/2019\/12\/2-300x168.jpg 300w, https:\/\/sistematiks.com\/wp-content\/uploads\/2019\/12\/2-768x431.jpg 768w, https:\/\/sistematiks.com\/wp-content\/uploads\/2019\/12\/2.jpg 1500w, https:\/\/sistematiks.com\/wp-content\/uploads\/2019\/12\/2-705x395.jpg 705w, https:\/\/sistematiks.com\/wp-content\/uploads\/2019\/12\/2-450x252.jpg 450w\" data-sizes=\"(max-width: 1030px) 100vw, 1030px\" data-rel='gallery-1' data-prev-img='https:\/\/sistematiks.com\/wp-content\/uploads\/2019\/12\/2-495x400.jpg' class='lightbox ' data-onclick='2' title='2'  itemprop=\"thumbnailUrl\"  ><img decoding=\"async\" fetchpriority=\"high\" class=\"wp-image-1601 avia-img-lazy-loading-not-1601\"   src=\"https:\/\/sistematiks.com\/wp-content\/uploads\/2019\/12\/2-845x684.jpg\" width=\"845\" height=\"684\"  title='2' alt='' srcset=\"https:\/\/sistematiks.com\/wp-content\/uploads\/2019\/12\/2-845x684.jpg 845w, https:\/\/sistematiks.com\/wp-content\/uploads\/2019\/12\/2-495x400.jpg 495w\" sizes=\"(max-width: 845px) 100vw, 845px\" \/><div class='big-prev-fake'><img decoding=\"async\" loading=\"lazy\" class=\"wp-image-1601 avia-img-lazy-loading-1601\"  width=\"495\" height=\"400\" src=\"https:\/\/sistematiks.com\/wp-content\/uploads\/2019\/12\/2-495x400.jpg\" title='2' alt='' srcset=\"https:\/\/sistematiks.com\/wp-content\/uploads\/2019\/12\/2-495x400.jpg 495w, https:\/\/sistematiks.com\/wp-content\/uploads\/2019\/12\/2-845x684.jpg 845w\" sizes=\"auto, (max-width: 495px) 100vw, 495px\" \/><\/div><\/a><a href=\"https:\/\/sistematiks.com\/wp-content\/uploads\/2019\/12\/3-1030x575.jpg\" data-srcset=\"https:\/\/sistematiks.com\/wp-content\/uploads\/2019\/12\/3-1030x575.jpg 1030w, https:\/\/sistematiks.com\/wp-content\/uploads\/2019\/12\/3-300x168.jpg 300w, https:\/\/sistematiks.com\/wp-content\/uploads\/2019\/12\/3-768x429.jpg 768w, https:\/\/sistematiks.com\/wp-content\/uploads\/2019\/12\/3.jpg 1500w, https:\/\/sistematiks.com\/wp-content\/uploads\/2019\/12\/3-705x394.jpg 705w, https:\/\/sistematiks.com\/wp-content\/uploads\/2019\/12\/3-450x251.jpg 450w\" data-sizes=\"(max-width: 1030px) 100vw, 1030px\" data-rel='gallery-1' data-prev-img='https:\/\/sistematiks.com\/wp-content\/uploads\/2019\/12\/3-495x400.jpg' class='lightbox ' data-onclick='3' title=''  itemprop=\"thumbnailUrl\"  ><img decoding=\"async\" fetchpriority=\"high\" class=\"wp-image-1602 avia-img-lazy-loading-not-1602\"   src=\"https:\/\/sistematiks.com\/wp-content\/uploads\/2019\/12\/3-845x684.jpg\" width=\"845\" height=\"684\"  title='' alt='' srcset=\"https:\/\/sistematiks.com\/wp-content\/uploads\/2019\/12\/3-845x684.jpg 845w, https:\/\/sistematiks.com\/wp-content\/uploads\/2019\/12\/3-495x400.jpg 495w\" sizes=\"(max-width: 845px) 100vw, 845px\" \/><div class='big-prev-fake'><img decoding=\"async\" loading=\"lazy\" class=\"wp-image-1602 avia-img-lazy-loading-1602\"  width=\"495\" height=\"400\" src=\"https:\/\/sistematiks.com\/wp-content\/uploads\/2019\/12\/3-495x400.jpg\" title='' alt='' srcset=\"https:\/\/sistematiks.com\/wp-content\/uploads\/2019\/12\/3-495x400.jpg 495w, https:\/\/sistematiks.com\/wp-content\/uploads\/2019\/12\/3-845x684.jpg 845w\" sizes=\"auto, (max-width: 495px) 100vw, 495px\" \/><\/div><\/a><a href=\"https:\/\/sistematiks.com\/wp-content\/uploads\/2019\/12\/4-1030x579.jpg\" data-srcset=\"https:\/\/sistematiks.com\/wp-content\/uploads\/2019\/12\/4-1030x579.jpg 1030w, https:\/\/sistematiks.com\/wp-content\/uploads\/2019\/12\/4-300x169.jpg 300w, https:\/\/sistematiks.com\/wp-content\/uploads\/2019\/12\/4-768x432.jpg 768w, https:\/\/sistematiks.com\/wp-content\/uploads\/2019\/12\/4.jpg 1500w, https:\/\/sistematiks.com\/wp-content\/uploads\/2019\/12\/4-705x396.jpg 705w, https:\/\/sistematiks.com\/wp-content\/uploads\/2019\/12\/4-450x253.jpg 450w\" data-sizes=\"(max-width: 1030px) 100vw, 1030px\" data-rel='gallery-1' data-prev-img='https:\/\/sistematiks.com\/wp-content\/uploads\/2019\/12\/4-495x400.jpg' class='lightbox ' data-onclick='4' title=''  itemprop=\"thumbnailUrl\"  ><img decoding=\"async\" fetchpriority=\"high\" class=\"wp-image-1603 avia-img-lazy-loading-not-1603\"   src=\"https:\/\/sistematiks.com\/wp-content\/uploads\/2019\/12\/4-845x684.jpg\" width=\"845\" height=\"684\"  title='' alt='' srcset=\"https:\/\/sistematiks.com\/wp-content\/uploads\/2019\/12\/4-845x684.jpg 845w, https:\/\/sistematiks.com\/wp-content\/uploads\/2019\/12\/4-495x400.jpg 495w\" sizes=\"(max-width: 845px) 100vw, 845px\" \/><div class='big-prev-fake'><img decoding=\"async\" loading=\"lazy\" class=\"wp-image-1603 avia-img-lazy-loading-1603\"  width=\"495\" height=\"400\" src=\"https:\/\/sistematiks.com\/wp-content\/uploads\/2019\/12\/4-495x400.jpg\" title='' alt='' srcset=\"https:\/\/sistematiks.com\/wp-content\/uploads\/2019\/12\/4-495x400.jpg 495w, https:\/\/sistematiks.com\/wp-content\/uploads\/2019\/12\/4-845x684.jpg 845w\" sizes=\"auto, (max-width: 495px) 100vw, 495px\" \/><\/div><\/a><a href=\"https:\/\/sistematiks.com\/wp-content\/uploads\/2019\/12\/5-1030x577.jpg\" data-srcset=\"https:\/\/sistematiks.com\/wp-content\/uploads\/2019\/12\/5-1030x577.jpg 1030w, https:\/\/sistematiks.com\/wp-content\/uploads\/2019\/12\/5-300x168.jpg 300w, https:\/\/sistematiks.com\/wp-content\/uploads\/2019\/12\/5-768x430.jpg 768w, https:\/\/sistematiks.com\/wp-content\/uploads\/2019\/12\/5.jpg 1500w, https:\/\/sistematiks.com\/wp-content\/uploads\/2019\/12\/5-705x395.jpg 705w, https:\/\/sistematiks.com\/wp-content\/uploads\/2019\/12\/5-450x252.jpg 450w\" data-sizes=\"(max-width: 1030px) 100vw, 1030px\" data-rel='gallery-1' data-prev-img='https:\/\/sistematiks.com\/wp-content\/uploads\/2019\/12\/5-495x400.jpg' class='lightbox ' data-onclick='5' title='5'  itemprop=\"thumbnailUrl\"  ><img decoding=\"async\" fetchpriority=\"high\" class=\"wp-image-1605 avia-img-lazy-loading-not-1605\"   src=\"https:\/\/sistematiks.com\/wp-content\/uploads\/2019\/12\/5-845x684.jpg\" width=\"845\" height=\"684\"  title='5' alt='' srcset=\"https:\/\/sistematiks.com\/wp-content\/uploads\/2019\/12\/5-845x684.jpg 845w, https:\/\/sistematiks.com\/wp-content\/uploads\/2019\/12\/5-495x400.jpg 495w\" sizes=\"(max-width: 845px) 100vw, 845px\" \/><div class='big-prev-fake'><img decoding=\"async\" loading=\"lazy\" class=\"wp-image-1605 avia-img-lazy-loading-1605\"  width=\"495\" height=\"400\" src=\"https:\/\/sistematiks.com\/wp-content\/uploads\/2019\/12\/5-495x400.jpg\" title='5' alt='' srcset=\"https:\/\/sistematiks.com\/wp-content\/uploads\/2019\/12\/5-495x400.jpg 495w, https:\/\/sistematiks.com\/wp-content\/uploads\/2019\/12\/5-845x684.jpg 845w\" sizes=\"auto, (max-width: 495px) 100vw, 495px\" \/><\/div><\/a><\/div><\/div>\n","protected":false},"excerpt":{"rendered":"","protected":false},"author":1,"featured_media":0,"parent":0,"menu_order":0,"comment_status":"closed","ping_status":"closed","template":"","meta":{"footnotes":""},"class_list":["post-1621","page","type-page","status-publish","hentry"],"_links":{"self":[{"href":"https:\/\/sistematiks.com\/lv\/wp-json\/wp\/v2\/pages\/1621","targetHints":{"allow":["GET"]}}],"collection":[{"href":"https:\/\/sistematiks.com\/lv\/wp-json\/wp\/v2\/pages"}],"about":[{"href":"https:\/\/sistematiks.com\/lv\/wp-json\/wp\/v2\/types\/page"}],"author":[{"embeddable":true,"href":"https:\/\/sistematiks.com\/lv\/wp-json\/wp\/v2\/users\/1"}],"replies":[{"embeddable":true,"href":"https:\/\/sistematiks.com\/lv\/wp-json\/wp\/v2\/comments?post=1621"}],"version-history":[{"count":3,"href":"https:\/\/sistematiks.com\/lv\/wp-json\/wp\/v2\/pages\/1621\/revisions"}],"predecessor-version":[{"id":1638,"href":"https:\/\/sistematiks.com\/lv\/wp-json\/wp\/v2\/pages\/1621\/revisions\/1638"}],"wp:attachment":[{"href":"https:\/\/sistematiks.com\/lv\/wp-json\/wp\/v2\/media?parent=1621"}],"curies":[{"name":"wp","href":"https:\/\/api.w.org\/{rel}","templated":true}]}}