{"id":1568,"date":"2019-10-04T09:19:38","date_gmt":"2019-10-04T06:19:38","guid":{"rendered":"https:\/\/sistematiks.com\/uzturesana\/"},"modified":"2026-03-13T17:11:24","modified_gmt":"2026-03-13T15:11:24","slug":"uzturesana","status":"publish","type":"page","link":"https:\/\/sistematiks.com\/lv\/pakalpojumi\/uzturesana\/","title":{"rendered":"Apkope"},"content":{"rendered":"\n<style type=\"text\/css\" data-created_by=\"avia_inline_auto\" id=\"style-css-av-jxualtnu-a5913b07cb4a52e37b4fe7e8d291f4e0\">\n.avia-section.av-jxualtnu-a5913b07cb4a52e37b4fe7e8d291f4e0{\nbackground-repeat:no-repeat;\nbackground-image:url(https:\/\/sistematiks.com\/wp-content\/uploads\/2019\/10\/shutterstock_1483177715.jpg);\nbackground-position:50% 50%;\nbackground-attachment:scroll;\n}\n.avia-section.av-jxualtnu-a5913b07cb4a52e37b4fe7e8d291f4e0 .av-section-color-overlay{\nopacity:0.8;\nbackground-color:#32587c;\n}\n<\/style>\n<div id='av_section_1'  class='avia-section av-jxualtnu-a5913b07cb4a52e37b4fe7e8d291f4e0 main_color avia-section-large avia-no-border-styling  avia-builder-el-0  el_before_av_section  avia-builder-el-first  av-small-hide av-mini-hide avia-full-stretch avia-bg-style-scroll av-section-color-overlay-active container_wrap sidebar_right'  data-section-bg-repeat='stretch'><div class=\"av-section-color-overlay-wrap\"><div class=\"av-section-color-overlay\"><\/div><div class='container av-section-cont-open' ><main  role=\"main\" itemprop=\"mainContentOfPage\"  class='template-page content  av-content-small alpha units'><div class='post-entry post-entry-type-page post-entry-1568'><div class='entry-content-wrapper clearfix'>\n\n<style type=\"text\/css\" data-created_by=\"avia_inline_auto\" id=\"style-css-av-iufzx-cf965dbf47b178a973ee7390f8368311\">\n.flex_column.av-iufzx-cf965dbf47b178a973ee7390f8368311{\nborder-radius:0px 0px 0px 0px;\npadding:0px 0px 0px 0px;\n}\n<\/style>\n<div  class='flex_column av-iufzx-cf965dbf47b178a973ee7390f8368311 av_one_fifth  avia-builder-el-1  el_before_av_three_fifth  avia-builder-el-first  first flex_column_div av-zero-column-padding  '     ><\/div>\n<style type=\"text\/css\" data-created_by=\"avia_inline_auto\" id=\"style-css-av-1eklp-14ffc3afaeb4950ece578309b716d876\">\n.flex_column.av-1eklp-14ffc3afaeb4950ece578309b716d876{\nborder-radius:0px 0px 0px 0px;\npadding:0px 0px 0px 0px;\n}\n<\/style>\n<div  class='flex_column av-1eklp-14ffc3afaeb4950ece578309b716d876 av_three_fifth  avia-builder-el-2  el_after_av_one_fifth  el_before_av_one_fifth  flex_column_div av-zero-column-padding  '     ><p>\n<style type=\"text\/css\" data-created_by=\"avia_inline_auto\" id=\"style-css-av-jxuaq75p-ff64fc1f7c7d2657c93e99f0ad4c5b77\">\n.avia-image-container.av-jxuaq75p-ff64fc1f7c7d2657c93e99f0ad4c5b77 img.avia_image{\nbox-shadow:none;\n}\n.avia-image-container.av-jxuaq75p-ff64fc1f7c7d2657c93e99f0ad4c5b77 .av-image-caption-overlay-center{\ncolor:#ffffff;\n}\n<\/style>\n<div  class='avia-image-container av-jxuaq75p-ff64fc1f7c7d2657c93e99f0ad4c5b77 av-styling-no-styling avia-align-center  avia-builder-el-3  el_before_av_heading  avia-builder-el-first '   itemprop=\"image\" itemscope=\"itemscope\" itemtype=\"https:\/\/schema.org\/ImageObject\" ><div class=\"avia-image-container-inner\"><div class=\"avia-image-overlay-wrap\"><img decoding=\"async\" fetchpriority=\"high\" class='wp-image-1485 avia-img-lazy-loading-not-1485 avia_image ' src=\"https:\/\/sistematiks.com\/wp-content\/uploads\/2019\/07\/sketch_icon-1.png\" alt='' title='sketch_icon (1)'  height=\"50\" width=\"50\"  itemprop=\"thumbnailUrl\" srcset=\"https:\/\/sistematiks.com\/wp-content\/uploads\/2019\/07\/sketch_icon-1.png 50w, https:\/\/sistematiks.com\/wp-content\/uploads\/2019\/07\/sketch_icon-1-36x36.png 36w\" sizes=\"(max-width: 50px) 100vw, 50px\" \/><\/div><\/div><\/div><br \/>\n\n<style type=\"text\/css\" data-created_by=\"avia_inline_auto\" id=\"style-css-av-k1bx02br-8cb76a5ea66c0f5d298723ba8a1a3b30\">\n#top .av-special-heading.av-k1bx02br-8cb76a5ea66c0f5d298723ba8a1a3b30{\npadding-bottom:10px;\ncolor:#ffffff;\n}\nbody .av-special-heading.av-k1bx02br-8cb76a5ea66c0f5d298723ba8a1a3b30 .av-special-heading-tag .heading-char{\nfont-size:25px;\n}\n.av-special-heading.av-k1bx02br-8cb76a5ea66c0f5d298723ba8a1a3b30 .special-heading-inner-border{\nborder-color:#ffffff;\n}\n.av-special-heading.av-k1bx02br-8cb76a5ea66c0f5d298723ba8a1a3b30 .av-subheading{\nfont-size:15px;\n}\n<\/style>\n<div  class='av-special-heading av-k1bx02br-8cb76a5ea66c0f5d298723ba8a1a3b30 av-special-heading-h1 custom-color-heading blockquote modern-quote modern-centered  avia-builder-el-4  el_after_av_image  el_before_av_textblock  av-linked-heading'><h1 class='av-special-heading-tag '  itemprop=\"headline\"  >Apkope<\/h1><div class=\"special-heading-border\"><div class=\"special-heading-inner-border\"><\/div><\/div><\/div><br \/>\n\n<style type=\"text\/css\" data-created_by=\"avia_inline_auto\" id=\"style-css-av-jxuapimb-9cc9e9174f738ef3e87cac229f48c014\">\n#top .av_textblock_section.av-jxuapimb-9cc9e9174f738ef3e87cac229f48c014 .avia_textblock{\nfont-size:18px;\ncolor:#ffffff;\n}\n<\/style>\n<section  class='av_textblock_section av-jxuapimb-9cc9e9174f738ef3e87cac229f48c014 '   itemscope=\"itemscope\" itemtype=\"https:\/\/schema.org\/CreativeWork\" ><div class='avia_textblock av_inherit_color'  itemprop=\"text\" ><p style=\"text-align: center; font-weight: 500; line-height: 1.3;\">Profilakse ir lab\u0101ka nek\u0101 \u0101rst\u0113\u0161ana.<\/p>\n<\/div><\/section><\/p><\/div>\n<style type=\"text\/css\" data-created_by=\"avia_inline_auto\" id=\"style-css-av-8fohh-e461e988cb24cb16c3dc4174270428e4\">\n.flex_column.av-8fohh-e461e988cb24cb16c3dc4174270428e4{\nborder-radius:0px 0px 0px 0px;\npadding:0px 0px 0px 0px;\n}\n<\/style>\n<div  class='flex_column av-8fohh-e461e988cb24cb16c3dc4174270428e4 av_one_fifth  avia-builder-el-6  el_after_av_three_fifth  avia-builder-el-last  flex_column_div av-zero-column-padding  '     ><\/div>\n\n<\/div><\/div><\/main><!-- close content main element --><\/div><\/div><\/div>\n<style type=\"text\/css\" data-created_by=\"avia_inline_auto\" id=\"style-css-av-jxualtnu-a3c64fd9070493e7dcf4ab41565fd155\">\n.avia-section.av-jxualtnu-a3c64fd9070493e7dcf4ab41565fd155{\nbackground-repeat:no-repeat;\nbackground-image:url(https:\/\/sistematiks.com\/wp-content\/uploads\/2019\/10\/shutterstock_1483177715.jpg);\nbackground-position:50% 50%;\nbackground-attachment:scroll;\n}\n.avia-section.av-jxualtnu-a3c64fd9070493e7dcf4ab41565fd155 .av-section-color-overlay{\nopacity:0.8;\nbackground-color:#32587c;\n}\n<\/style>\n<div id='av_section_2'  class='avia-section av-jxualtnu-a3c64fd9070493e7dcf4ab41565fd155 main_color avia-section-small avia-no-border-styling  avia-builder-el-7  el_after_av_section  el_before_av_section  av-desktop-hide av-medium-hide avia-full-stretch avia-bg-style-scroll av-section-color-overlay-active container_wrap sidebar_right'  data-section-bg-repeat='stretch'><div class=\"av-section-color-overlay-wrap\"><div class=\"av-section-color-overlay\"><\/div><div class='container av-section-cont-open' ><div class='template-page content  av-content-small alpha units'><div class='post-entry post-entry-type-page post-entry-1568'><div class='entry-content-wrapper clearfix'>\n\n<style type=\"text\/css\" data-created_by=\"avia_inline_auto\" id=\"style-css-av-iufzx-cf965dbf47b178a973ee7390f8368311\">\n.flex_column.av-iufzx-cf965dbf47b178a973ee7390f8368311{\nborder-radius:0px 0px 0px 0px;\npadding:0px 0px 0px 0px;\n}\n<\/style>\n<div  class='flex_column av-iufzx-cf965dbf47b178a973ee7390f8368311 av_one_fifth  avia-builder-el-8  el_before_av_three_fifth  avia-builder-el-first  first flex_column_div av-zero-column-padding  '     ><\/div>\n<style type=\"text\/css\" data-created_by=\"avia_inline_auto\" id=\"style-css-av-1eklp-14ffc3afaeb4950ece578309b716d876\">\n.flex_column.av-1eklp-14ffc3afaeb4950ece578309b716d876{\nborder-radius:0px 0px 0px 0px;\npadding:0px 0px 0px 0px;\n}\n<\/style>\n<div  class='flex_column av-1eklp-14ffc3afaeb4950ece578309b716d876 av_three_fifth  avia-builder-el-9  el_after_av_one_fifth  el_before_av_one_fifth  flex_column_div av-zero-column-padding  '     ><p>\n<style type=\"text\/css\" data-created_by=\"avia_inline_auto\" id=\"style-css-av-jxuaq75p-ff64fc1f7c7d2657c93e99f0ad4c5b77\">\n.avia-image-container.av-jxuaq75p-ff64fc1f7c7d2657c93e99f0ad4c5b77 img.avia_image{\nbox-shadow:none;\n}\n.avia-image-container.av-jxuaq75p-ff64fc1f7c7d2657c93e99f0ad4c5b77 .av-image-caption-overlay-center{\ncolor:#ffffff;\n}\n<\/style>\n<div  class='avia-image-container av-jxuaq75p-ff64fc1f7c7d2657c93e99f0ad4c5b77 av-styling-no-styling avia-align-center  avia-builder-el-10  el_before_av_heading  avia-builder-el-first '   itemprop=\"image\" itemscope=\"itemscope\" itemtype=\"https:\/\/schema.org\/ImageObject\" ><div class=\"avia-image-container-inner\"><div class=\"avia-image-overlay-wrap\"><img decoding=\"async\" fetchpriority=\"high\" class='wp-image-1485 avia-img-lazy-loading-not-1485 avia_image ' src=\"https:\/\/sistematiks.com\/wp-content\/uploads\/2019\/07\/sketch_icon-1.png\" alt='' title='sketch_icon (1)'  height=\"50\" width=\"50\"  itemprop=\"thumbnailUrl\" srcset=\"https:\/\/sistematiks.com\/wp-content\/uploads\/2019\/07\/sketch_icon-1.png 50w, https:\/\/sistematiks.com\/wp-content\/uploads\/2019\/07\/sketch_icon-1-36x36.png 36w\" sizes=\"(max-width: 50px) 100vw, 50px\" \/><\/div><\/div><\/div><br \/>\n\n<style type=\"text\/css\" data-created_by=\"avia_inline_auto\" id=\"style-css-av-k1bx0513-abb8deb3d2ed0636987473de19f82aa9\">\n#top .av-special-heading.av-k1bx0513-abb8deb3d2ed0636987473de19f82aa9{\npadding-bottom:10px;\ncolor:#ffffff;\n}\nbody .av-special-heading.av-k1bx0513-abb8deb3d2ed0636987473de19f82aa9 .av-special-heading-tag .heading-char{\nfont-size:25px;\n}\n.av-special-heading.av-k1bx0513-abb8deb3d2ed0636987473de19f82aa9 .special-heading-inner-border{\nborder-color:#ffffff;\n}\n.av-special-heading.av-k1bx0513-abb8deb3d2ed0636987473de19f82aa9 .av-subheading{\nfont-size:15px;\n}\n<\/style>\n<div  class='av-special-heading av-k1bx0513-abb8deb3d2ed0636987473de19f82aa9 av-special-heading-h1 custom-color-heading blockquote modern-quote modern-centered  avia-builder-el-11  el_after_av_image  el_before_av_textblock  av-linked-heading'><h1 class='av-special-heading-tag '  itemprop=\"headline\"  >Apkope<\/h1><div class=\"special-heading-border\"><div class=\"special-heading-inner-border\"><\/div><\/div><\/div><br \/>\n\n<style type=\"text\/css\" data-created_by=\"avia_inline_auto\" id=\"style-css-av-jxuapimb-9cc9e9174f738ef3e87cac229f48c014\">\n#top .av_textblock_section.av-jxuapimb-9cc9e9174f738ef3e87cac229f48c014 .avia_textblock{\nfont-size:18px;\ncolor:#ffffff;\n}\n<\/style>\n<section  class='av_textblock_section av-jxuapimb-9cc9e9174f738ef3e87cac229f48c014 '   itemscope=\"itemscope\" itemtype=\"https:\/\/schema.org\/CreativeWork\" ><div class='avia_textblock av_inherit_color'  itemprop=\"text\" ><p style=\"text-align: center; font-weight: 500; line-height: 1.3;\">Profilakse ir lab\u0101ka nek\u0101 \u0101rst\u0113\u0161ana.<\/p>\n<\/div><\/section><\/p><\/div>\n<style type=\"text\/css\" data-created_by=\"avia_inline_auto\" id=\"style-css-av-8fohh-e461e988cb24cb16c3dc4174270428e4\">\n.flex_column.av-8fohh-e461e988cb24cb16c3dc4174270428e4{\nborder-radius:0px 0px 0px 0px;\npadding:0px 0px 0px 0px;\n}\n<\/style>\n<div  class='flex_column av-8fohh-e461e988cb24cb16c3dc4174270428e4 av_one_fifth  avia-builder-el-13  el_after_av_three_fifth  avia-builder-el-last  flex_column_div av-zero-column-padding  '     ><\/div>\n\n<\/div><\/div><\/div><!-- close content main div --><\/div><\/div><\/div><div id='av_section_3'  class='avia-section av-96kyh-0cba30e480ace217e3b449f9b54ad032 main_color avia-section-default avia-no-border-styling  avia-builder-el-14  el_after_av_section  el_before_av_layout_row  avia-bg-style-scroll container_wrap sidebar_right'  ><div class='container av-section-cont-open' ><div class='template-page content  av-content-small alpha units'><div class='post-entry post-entry-type-page post-entry-1568'><div class='entry-content-wrapper clearfix'>\n<section  class='av_textblock_section av-jxzt38fp-e2ca1b87ab6095d7dcc32a820ac51216 '   itemscope=\"itemscope\" itemtype=\"https:\/\/schema.org\/CreativeWork\" ><div class='avia_textblock'  itemprop=\"text\" ><p style=\"text-align: center; font-weight: 600;\"><span style=\"color: b2b2b2;\"><a style=\"color: b2b2b2;\" href=\"https:\/\/sistematiks.com\/lv\/pakalpojumi\/\">Da\u017e\u0101di pakalpojumi<\/a> &gt;<\/span> Apkope<\/p>\n<\/div><\/section>\n\n<\/div><\/div><\/div><!-- close content main div --><\/div><\/div><div id='av-layout-grid-1'  class='av-layout-grid-container av-h5let-9ec9fcad146211a8df97ebfc2607e44d entry-content-wrapper main_color av-flex-cells  avia-builder-el-16  el_after_av_section  el_before_av_hr  grid-row-not-first  container_wrap sidebar_right'  >\n\n<style type=\"text\/css\" data-created_by=\"avia_inline_auto\" id=\"style-css-av-9p6lp-101b345bb1dc6953059628debffe48e6\">\n.flex_cell.av-9p6lp-101b345bb1dc6953059628debffe48e6{\nvertical-align:middle;\n}\n.responsive #top #wrap_all .flex_cell.av-9p6lp-101b345bb1dc6953059628debffe48e6{\npadding:50px 6% 50px 6% !important;\n}\n<\/style>\n<div class='flex_cell av-9p6lp-101b345bb1dc6953059628debffe48e6 av-gridrow-cell av_one_half no_margin  avia-builder-el-17  el_before_av_cell_one_half  avia-builder-el-first  content-align-middle'  ><div class='flex_cell_inner'><p>\n<style type=\"text\/css\" data-created_by=\"avia_inline_auto\" id=\"style-css-av-aseby-4c77f9b16a73cc203ed2f86ff788014b\">\n#top .av-special-heading.av-aseby-4c77f9b16a73cc203ed2f86ff788014b{\npadding-bottom:10px;\n}\nbody .av-special-heading.av-aseby-4c77f9b16a73cc203ed2f86ff788014b .av-special-heading-tag .heading-char{\nfont-size:25px;\n}\n.av-special-heading.av-aseby-4c77f9b16a73cc203ed2f86ff788014b .av-subheading{\nfont-size:15px;\n}\n<\/style>\n<div  class='av-special-heading av-aseby-4c77f9b16a73cc203ed2f86ff788014b av-special-heading-h2 blockquote modern-quote modern-centered  avia-builder-el-18  el_before_av_textblock  avia-builder-el-first  av-linked-heading'><h2 class='av-special-heading-tag '  itemprop=\"headline\"  >Vis\u0101m sist\u0113m\u0101m nepiecie\u0161ama regul\u0101ra profesion\u0101la p\u0101rbaude.<\/h2><div class=\"special-heading-border\"><div class=\"special-heading-inner-border\"><\/div><\/div><\/div><br \/>\n<section  class='av_textblock_section av-jxuapimb-2bf3f858bb39e89f7c614ff3959e6c38 '   itemscope=\"itemscope\" itemtype=\"https:\/\/schema.org\/CreativeWork\" ><div class='avia_textblock av_inherit_color'  itemprop=\"text\" ><p style=\"text-align: center;\">Optim\u0101lu funkcionalit\u0101ti un darbsp\u0113ju var pan\u0101kt ar savlaic\u012bgu servisu, kas \u013cauj l\u012bdz minimumam samazin\u0101t sist\u0113mas d\u012bkst\u0101vi boj\u0101jumu d\u0113\u013c un izv\u0113l\u0113ties optim\u0101lo laiku servisa atsl\u0113g\u0161anai.<\/p>\n<p style=\"text-align: center;\">Steidzamus remontdarbus ar\u012b ir iesp\u0113jams optimiz\u0113t, atrodot lab\u0101kos iesp\u0113jamos un \u0101tr\u0101kos risin\u0101jumus.<\/p>\n<\/div><\/section><\/p>\n<\/div><\/div>\n<style type=\"text\/css\" data-created_by=\"avia_inline_auto\" id=\"style-css-av-jxuefa0y-eb11fc481ee7f342730064ecf8318276\">\n.flex_cell.av-jxuefa0y-eb11fc481ee7f342730064ecf8318276{\nvertical-align:middle;\nbackground:url(https:\/\/sistematiks.com\/wp-content\/uploads\/2019\/10\/shutterstock_1483177715.jpg) 50% 50% no-repeat scroll ;\n}\n.responsive #top #wrap_all .flex_cell.av-jxuefa0y-eb11fc481ee7f342730064ecf8318276{\npadding:0px 0px 0px 0px !important;\n}\n<\/style>\n<div class='flex_cell av-jxuefa0y-eb11fc481ee7f342730064ecf8318276 av-gridrow-cell av_one_half no_margin  avia-builder-el-20  el_after_av_cell_one_half  avia-builder-el-last  content-align-middle av-zero-padding avia-full-stretch'  ><div class='flex_cell_inner'><p>\n<style type=\"text\/css\" data-created_by=\"avia_inline_auto\" id=\"style-css-av-jxubuuhg-cb2763e48a4775f5ccae9f8c09f96a19\">\n#top .hr.hr-invisible.av-jxubuuhg-cb2763e48a4775f5ccae9f8c09f96a19{\nheight:250px;\n}\n<\/style>\n<div  class='hr av-jxubuuhg-cb2763e48a4775f5ccae9f8c09f96a19 hr-invisible  avia-builder-el-21  el_before_av_hr  avia-builder-el-first  av-desktop-hide av-medium-hide'><span class='hr-inner '><span class=\"hr-inner-style\"><\/span><\/span><\/div><br \/>\n\n<style type=\"text\/css\" data-created_by=\"avia_inline_auto\" id=\"style-css-av-jxubuuhg-87b90e76ddd222278d4f02e08b86418d\">\n#top .hr.hr-invisible.av-jxubuuhg-87b90e76ddd222278d4f02e08b86418d{\nheight:400px;\n}\n<\/style>\n<div  class='hr av-jxubuuhg-87b90e76ddd222278d4f02e08b86418d hr-invisible  avia-builder-el-22  el_after_av_hr  avia-builder-el-last  av-small-hide av-mini-hide'><span class='hr-inner '><span class=\"hr-inner-style\"><\/span><\/span><\/div><\/p>\n<\/div><\/div><\/div><div id='after_grid_row_1'  class='main_color av_default_container_wrap container_wrap sidebar_right'  ><div class='container av-section-cont-open' ><div class='template-page content  av-content-small alpha units'><div class='post-entry post-entry-type-page post-entry-1568'><div class='entry-content-wrapper clearfix'>\n<style type=\"text\/css\" data-created_by=\"avia_inline_auto\" id=\"style-css-av-jxubuuhg-8c2fcaa4ee3a170f8ae9744d1a6f2f78\">\n#top .hr.hr-invisible.av-jxubuuhg-8c2fcaa4ee3a170f8ae9744d1a6f2f78{\nheight:30px;\n}\n<\/style>\n<div  class='hr av-jxubuuhg-8c2fcaa4ee3a170f8ae9744d1a6f2f78 hr-invisible  avia-builder-el-23  el_after_av_layout_row  el_before_av_gallery  avia-builder-el-first  av-small-hide av-mini-hide'><span class='hr-inner '><span class=\"hr-inner-style\"><\/span><\/span><\/div><\/p>\n\n<style type=\"text\/css\" data-created_by=\"avia_inline_auto\" id=\"style-css-av-jxzsx135-33bf856a1b2c327461408e1d88efd927\">\n#top .avia-gallery.av-jxzsx135-33bf856a1b2c327461408e1d88efd927 .avia-gallery-thumb a{\nwidth:25%;\n}\n<\/style>\n<div  class='avia-gallery av-jxzsx135-33bf856a1b2c327461408e1d88efd927 avia_animate_when_visible  avia-builder-el-24  el_after_av_hr  avia-builder-el-last  animations_off avia-gallery-1'  itemprop=\"image\" itemscope=\"itemscope\" itemtype=\"https:\/\/schema.org\/ImageObject\" ><meta itemprop=\"contentURL\" content=\"https:\/\/sistematiks.com\/lv\/pakalpojumi\/uzturesana\/\"><div class='avia-gallery-thumb'><a href=\"https:\/\/sistematiks.com\/wp-content\/uploads\/2019\/10\/shutterstock_517909282-1030x687.jpg\" data-srcset=\"https:\/\/sistematiks.com\/wp-content\/uploads\/2019\/10\/shutterstock_517909282-1030x687.jpg 1030w, https:\/\/sistematiks.com\/wp-content\/uploads\/2019\/10\/shutterstock_517909282-300x200.jpg 300w, https:\/\/sistematiks.com\/wp-content\/uploads\/2019\/10\/shutterstock_517909282-768x512.jpg 768w, https:\/\/sistematiks.com\/wp-content\/uploads\/2019\/10\/shutterstock_517909282.jpg 1500w, https:\/\/sistematiks.com\/wp-content\/uploads\/2019\/10\/shutterstock_517909282-705x470.jpg 705w, https:\/\/sistematiks.com\/wp-content\/uploads\/2019\/10\/shutterstock_517909282-450x300.jpg 450w\" data-sizes=\"(max-width: 1030px) 100vw, 1030px\" data-rel='gallery-1' data-prev-img='https:\/\/sistematiks.com\/wp-content\/uploads\/2019\/10\/shutterstock_517909282-495x400.jpg' class='first_thumb lightbox ' data-onclick='1' title=''  itemprop=\"thumbnailUrl\"  ><img decoding=\"async\" fetchpriority=\"high\" class=\"wp-image-1564 avia-img-lazy-loading-not-1564\"   src=\"https:\/\/sistematiks.com\/wp-content\/uploads\/2019\/10\/shutterstock_517909282-845x684.jpg\" width=\"845\" height=\"684\"  title='' alt='' srcset=\"https:\/\/sistematiks.com\/wp-content\/uploads\/2019\/10\/shutterstock_517909282-845x684.jpg 845w, https:\/\/sistematiks.com\/wp-content\/uploads\/2019\/10\/shutterstock_517909282-495x400.jpg 495w\" sizes=\"(max-width: 845px) 100vw, 845px\" \/><div class='big-prev-fake'><img decoding=\"async\" loading=\"lazy\" class=\"wp-image-1564 avia-img-lazy-loading-1564\"  width=\"495\" height=\"400\" src=\"https:\/\/sistematiks.com\/wp-content\/uploads\/2019\/10\/shutterstock_517909282-495x400.jpg\" title='' alt='' srcset=\"https:\/\/sistematiks.com\/wp-content\/uploads\/2019\/10\/shutterstock_517909282-495x400.jpg 495w, https:\/\/sistematiks.com\/wp-content\/uploads\/2019\/10\/shutterstock_517909282-845x684.jpg 845w\" sizes=\"auto, (max-width: 495px) 100vw, 495px\" \/><\/div><\/a><a href=\"https:\/\/sistematiks.com\/wp-content\/uploads\/2019\/10\/shutterstock_463538648-1030x687.jpg\" data-srcset=\"https:\/\/sistematiks.com\/wp-content\/uploads\/2019\/10\/shutterstock_463538648-1030x687.jpg 1030w, https:\/\/sistematiks.com\/wp-content\/uploads\/2019\/10\/shutterstock_463538648-300x200.jpg 300w, https:\/\/sistematiks.com\/wp-content\/uploads\/2019\/10\/shutterstock_463538648-768x512.jpg 768w, https:\/\/sistematiks.com\/wp-content\/uploads\/2019\/10\/shutterstock_463538648.jpg 1500w, https:\/\/sistematiks.com\/wp-content\/uploads\/2019\/10\/shutterstock_463538648-705x470.jpg 705w, https:\/\/sistematiks.com\/wp-content\/uploads\/2019\/10\/shutterstock_463538648-450x300.jpg 450w\" data-sizes=\"(max-width: 1030px) 100vw, 1030px\" data-rel='gallery-1' data-prev-img='https:\/\/sistematiks.com\/wp-content\/uploads\/2019\/10\/shutterstock_463538648-495x400.jpg' class='lightbox ' data-onclick='2' title=''  itemprop=\"thumbnailUrl\"  ><img decoding=\"async\" fetchpriority=\"high\" class=\"wp-image-1562 avia-img-lazy-loading-not-1562\"   src=\"https:\/\/sistematiks.com\/wp-content\/uploads\/2019\/10\/shutterstock_463538648-845x684.jpg\" width=\"845\" height=\"684\"  title='' alt='' srcset=\"https:\/\/sistematiks.com\/wp-content\/uploads\/2019\/10\/shutterstock_463538648-845x684.jpg 845w, https:\/\/sistematiks.com\/wp-content\/uploads\/2019\/10\/shutterstock_463538648-495x400.jpg 495w\" sizes=\"(max-width: 845px) 100vw, 845px\" \/><div class='big-prev-fake'><img decoding=\"async\" loading=\"lazy\" class=\"wp-image-1562 avia-img-lazy-loading-1562\"  width=\"495\" height=\"400\" src=\"https:\/\/sistematiks.com\/wp-content\/uploads\/2019\/10\/shutterstock_463538648-495x400.jpg\" title='' alt='' srcset=\"https:\/\/sistematiks.com\/wp-content\/uploads\/2019\/10\/shutterstock_463538648-495x400.jpg 495w, https:\/\/sistematiks.com\/wp-content\/uploads\/2019\/10\/shutterstock_463538648-845x684.jpg 845w\" sizes=\"auto, (max-width: 495px) 100vw, 495px\" \/><\/div><\/a><a href=\"https:\/\/sistematiks.com\/wp-content\/uploads\/2019\/10\/shutterstock_1318109456-1030x685.jpg\" data-srcset=\"https:\/\/sistematiks.com\/wp-content\/uploads\/2019\/10\/shutterstock_1318109456-1030x685.jpg 1030w, https:\/\/sistematiks.com\/wp-content\/uploads\/2019\/10\/shutterstock_1318109456-300x199.jpg 300w, https:\/\/sistematiks.com\/wp-content\/uploads\/2019\/10\/shutterstock_1318109456-768x510.jpg 768w, https:\/\/sistematiks.com\/wp-content\/uploads\/2019\/10\/shutterstock_1318109456.jpg 1500w, https:\/\/sistematiks.com\/wp-content\/uploads\/2019\/10\/shutterstock_1318109456-705x469.jpg 705w, https:\/\/sistematiks.com\/wp-content\/uploads\/2019\/10\/shutterstock_1318109456-450x299.jpg 450w\" data-sizes=\"(max-width: 1030px) 100vw, 1030px\" data-rel='gallery-1' data-prev-img='https:\/\/sistematiks.com\/wp-content\/uploads\/2019\/10\/shutterstock_1318109456-495x400.jpg' class='lightbox ' data-onclick='3' title=''  itemprop=\"thumbnailUrl\"  ><img decoding=\"async\" fetchpriority=\"high\" class=\"wp-image-1572 avia-img-lazy-loading-not-1572\"   src=\"https:\/\/sistematiks.com\/wp-content\/uploads\/2019\/10\/shutterstock_1318109456-845x684.jpg\" width=\"845\" height=\"684\"  title='' alt='' srcset=\"https:\/\/sistematiks.com\/wp-content\/uploads\/2019\/10\/shutterstock_1318109456-845x684.jpg 845w, https:\/\/sistematiks.com\/wp-content\/uploads\/2019\/10\/shutterstock_1318109456-495x400.jpg 495w\" sizes=\"(max-width: 845px) 100vw, 845px\" \/><div class='big-prev-fake'><img decoding=\"async\" loading=\"lazy\" class=\"wp-image-1572 avia-img-lazy-loading-1572\"  width=\"495\" height=\"400\" src=\"https:\/\/sistematiks.com\/wp-content\/uploads\/2019\/10\/shutterstock_1318109456-495x400.jpg\" title='' alt='' srcset=\"https:\/\/sistematiks.com\/wp-content\/uploads\/2019\/10\/shutterstock_1318109456-495x400.jpg 495w, https:\/\/sistematiks.com\/wp-content\/uploads\/2019\/10\/shutterstock_1318109456-845x684.jpg 845w\" sizes=\"auto, (max-width: 495px) 100vw, 495px\" \/><\/div><\/a><a href=\"https:\/\/sistematiks.com\/wp-content\/uploads\/2019\/10\/shutterstock_1483177715-1030x688.jpg\" data-srcset=\"https:\/\/sistematiks.com\/wp-content\/uploads\/2019\/10\/shutterstock_1483177715-1030x688.jpg 1030w, https:\/\/sistematiks.com\/wp-content\/uploads\/2019\/10\/shutterstock_1483177715-300x200.jpg 300w, https:\/\/sistematiks.com\/wp-content\/uploads\/2019\/10\/shutterstock_1483177715-768x513.jpg 768w, https:\/\/sistematiks.com\/wp-content\/uploads\/2019\/10\/shutterstock_1483177715.jpg 1500w, https:\/\/sistematiks.com\/wp-content\/uploads\/2019\/10\/shutterstock_1483177715-705x471.jpg 705w, https:\/\/sistematiks.com\/wp-content\/uploads\/2019\/10\/shutterstock_1483177715-450x301.jpg 450w\" data-sizes=\"(max-width: 1030px) 100vw, 1030px\" data-rel='gallery-1' data-prev-img='https:\/\/sistematiks.com\/wp-content\/uploads\/2019\/10\/shutterstock_1483177715-495x400.jpg' class='lightbox ' data-onclick='4' title=''  itemprop=\"thumbnailUrl\"  ><img decoding=\"async\" fetchpriority=\"high\" class=\"wp-image-1574 avia-img-lazy-loading-not-1574\"   src=\"https:\/\/sistematiks.com\/wp-content\/uploads\/2019\/10\/shutterstock_1483177715-845x684.jpg\" width=\"845\" height=\"684\"  title='' alt='' srcset=\"https:\/\/sistematiks.com\/wp-content\/uploads\/2019\/10\/shutterstock_1483177715-845x684.jpg 845w, https:\/\/sistematiks.com\/wp-content\/uploads\/2019\/10\/shutterstock_1483177715-495x400.jpg 495w\" sizes=\"(max-width: 845px) 100vw, 845px\" \/><div class='big-prev-fake'><img decoding=\"async\" loading=\"lazy\" class=\"wp-image-1574 avia-img-lazy-loading-1574\"  width=\"495\" height=\"400\" src=\"https:\/\/sistematiks.com\/wp-content\/uploads\/2019\/10\/shutterstock_1483177715-495x400.jpg\" title='' alt='' srcset=\"https:\/\/sistematiks.com\/wp-content\/uploads\/2019\/10\/shutterstock_1483177715-495x400.jpg 495w, https:\/\/sistematiks.com\/wp-content\/uploads\/2019\/10\/shutterstock_1483177715-845x684.jpg 845w\" sizes=\"auto, (max-width: 495px) 100vw, 495px\" \/><\/div><\/a><\/div><\/div>\n","protected":false},"excerpt":{"rendered":"","protected":false},"author":1,"featured_media":0,"parent":1642,"menu_order":0,"comment_status":"closed","ping_status":"closed","template":"","meta":{"footnotes":""},"class_list":["post-1568","page","type-page","status-publish","hentry"],"_links":{"self":[{"href":"https:\/\/sistematiks.com\/lv\/wp-json\/wp\/v2\/pages\/1568","targetHints":{"allow":["GET"]}}],"collection":[{"href":"https:\/\/sistematiks.com\/lv\/wp-json\/wp\/v2\/pages"}],"about":[{"href":"https:\/\/sistematiks.com\/lv\/wp-json\/wp\/v2\/types\/page"}],"author":[{"embeddable":true,"href":"https:\/\/sistematiks.com\/lv\/wp-json\/wp\/v2\/users\/1"}],"replies":[{"embeddable":true,"href":"https:\/\/sistematiks.com\/lv\/wp-json\/wp\/v2\/comments?post=1568"}],"version-history":[{"count":7,"href":"https:\/\/sistematiks.com\/lv\/wp-json\/wp\/v2\/pages\/1568\/revisions"}],"predecessor-version":[{"id":2082,"href":"https:\/\/sistematiks.com\/lv\/wp-json\/wp\/v2\/pages\/1568\/revisions\/2082"}],"up":[{"embeddable":true,"href":"https:\/\/sistematiks.com\/lv\/wp-json\/wp\/v2\/pages\/1642"}],"wp:attachment":[{"href":"https:\/\/sistematiks.com\/lv\/wp-json\/wp\/v2\/media?parent=1568"}],"curies":[{"name":"wp","href":"https:\/\/api.w.org\/{rel}","templated":true}]}}