{"id":1555,"date":"2019-10-04T09:02:22","date_gmt":"2019-10-04T06:02:22","guid":{"rendered":"https:\/\/sistematiks.com\/regulesana-un-palaisana\/"},"modified":"2026-03-13T17:08:20","modified_gmt":"2026-03-13T15:08:20","slug":"regulesana-un-palaisana","status":"publish","type":"page","link":"https:\/\/sistematiks.com\/lv\/pakalpojumi\/regulesana-un-palaisana\/","title":{"rendered":"Regul\u0113\u0161ana un palai\u0161ana"},"content":{"rendered":"\n<style type=\"text\/css\" data-created_by=\"avia_inline_auto\" id=\"style-css-av-jxualtnu-130ae72cdb8b9783f37a4bd63d3c3c74\">\n.avia-section.av-jxualtnu-130ae72cdb8b9783f37a4bd63d3c3c74{\nbackground-repeat:no-repeat;\nbackground-image:url(https:\/\/sistematiks.com\/wp-content\/uploads\/2019\/10\/shutterstock_1491300380.jpg);\nbackground-position:50% 0%;\nbackground-attachment:scroll;\n}\n.avia-section.av-jxualtnu-130ae72cdb8b9783f37a4bd63d3c3c74 .av-section-color-overlay{\nopacity:0.8;\nbackground-color:#32587c;\n}\n<\/style>\n<div id='av_section_1'  class='avia-section av-jxualtnu-130ae72cdb8b9783f37a4bd63d3c3c74 main_color avia-section-large avia-no-border-styling  avia-builder-el-0  el_before_av_section  avia-builder-el-first  av-small-hide av-mini-hide avia-full-stretch avia-bg-style-scroll av-section-color-overlay-active container_wrap sidebar_right'  data-section-bg-repeat='stretch'><div class=\"av-section-color-overlay-wrap\"><div class=\"av-section-color-overlay\"><\/div><div class='container av-section-cont-open' ><main  role=\"main\" itemprop=\"mainContentOfPage\"  class='template-page content  av-content-small alpha units'><div class='post-entry post-entry-type-page post-entry-1555'><div class='entry-content-wrapper clearfix'>\n\n<style type=\"text\/css\" data-created_by=\"avia_inline_auto\" id=\"style-css-av-iufzx-cf965dbf47b178a973ee7390f8368311\">\n.flex_column.av-iufzx-cf965dbf47b178a973ee7390f8368311{\nborder-radius:0px 0px 0px 0px;\npadding:0px 0px 0px 0px;\n}\n<\/style>\n<div  class='flex_column av-iufzx-cf965dbf47b178a973ee7390f8368311 av_one_fifth  avia-builder-el-1  el_before_av_three_fifth  avia-builder-el-first  first flex_column_div av-zero-column-padding  '     ><\/div>\n<style type=\"text\/css\" data-created_by=\"avia_inline_auto\" id=\"style-css-av-1eklp-14ffc3afaeb4950ece578309b716d876\">\n.flex_column.av-1eklp-14ffc3afaeb4950ece578309b716d876{\nborder-radius:0px 0px 0px 0px;\npadding:0px 0px 0px 0px;\n}\n<\/style>\n<div  class='flex_column av-1eklp-14ffc3afaeb4950ece578309b716d876 av_three_fifth  avia-builder-el-2  el_after_av_one_fifth  el_before_av_one_fifth  flex_column_div av-zero-column-padding  '     ><p>\n<style type=\"text\/css\" data-created_by=\"avia_inline_auto\" id=\"style-css-av-jxuaq75p-ff64fc1f7c7d2657c93e99f0ad4c5b77\">\n.avia-image-container.av-jxuaq75p-ff64fc1f7c7d2657c93e99f0ad4c5b77 img.avia_image{\nbox-shadow:none;\n}\n.avia-image-container.av-jxuaq75p-ff64fc1f7c7d2657c93e99f0ad4c5b77 .av-image-caption-overlay-center{\ncolor:#ffffff;\n}\n<\/style>\n<div  class='avia-image-container av-jxuaq75p-ff64fc1f7c7d2657c93e99f0ad4c5b77 av-styling-no-styling avia-align-center  avia-builder-el-3  el_before_av_heading  avia-builder-el-first '   itemprop=\"image\" itemscope=\"itemscope\" itemtype=\"https:\/\/schema.org\/ImageObject\" ><div class=\"avia-image-container-inner\"><div class=\"avia-image-overlay-wrap\"><img decoding=\"async\" fetchpriority=\"high\" class='wp-image-1485 avia-img-lazy-loading-not-1485 avia_image ' src=\"https:\/\/sistematiks.com\/wp-content\/uploads\/2019\/07\/sketch_icon-1.png\" alt='' title='sketch_icon (1)'  height=\"50\" width=\"50\"  itemprop=\"thumbnailUrl\" srcset=\"https:\/\/sistematiks.com\/wp-content\/uploads\/2019\/07\/sketch_icon-1.png 50w, https:\/\/sistematiks.com\/wp-content\/uploads\/2019\/07\/sketch_icon-1-36x36.png 36w\" sizes=\"(max-width: 50px) 100vw, 50px\" \/><\/div><\/div><\/div><br \/>\n\n<style type=\"text\/css\" data-created_by=\"avia_inline_auto\" id=\"style-css-av-4jgd8z-afb096461f5b31907fba17bc3c99faa4\">\n#top .av-special-heading.av-4jgd8z-afb096461f5b31907fba17bc3c99faa4{\npadding-bottom:10px;\ncolor:#ffffff;\n}\nbody .av-special-heading.av-4jgd8z-afb096461f5b31907fba17bc3c99faa4 .av-special-heading-tag .heading-char{\nfont-size:25px;\n}\n.av-special-heading.av-4jgd8z-afb096461f5b31907fba17bc3c99faa4 .special-heading-inner-border{\nborder-color:#ffffff;\n}\n.av-special-heading.av-4jgd8z-afb096461f5b31907fba17bc3c99faa4 .av-subheading{\nfont-size:15px;\n}\n<\/style>\n<div  class='av-special-heading av-4jgd8z-afb096461f5b31907fba17bc3c99faa4 av-special-heading-h1 custom-color-heading blockquote modern-quote modern-centered  avia-builder-el-4  el_after_av_image  el_before_av_textblock '><h1 class='av-special-heading-tag '  itemprop=\"headline\"  >Regul\u0113\u0161ana un palai\u0161ana<\/h1><div class=\"special-heading-border\"><div class=\"special-heading-inner-border\"><\/div><\/div><\/div><br \/>\n\n<style type=\"text\/css\" data-created_by=\"avia_inline_auto\" id=\"style-css-av-jxuapimb-a811e4a4416f14258a1e0cd5a7b477de\">\n#top .av_textblock_section.av-jxuapimb-a811e4a4416f14258a1e0cd5a7b477de .avia_textblock{\nfont-size:18px;\ncolor:#ffffff;\n}\n<\/style>\n<section  class='av_textblock_section av-jxuapimb-a811e4a4416f14258a1e0cd5a7b477de '   itemscope=\"itemscope\" itemtype=\"https:\/\/schema.org\/CreativeWork\" ><div class='avia_textblock av_inherit_color'  itemprop=\"text\" ><p style=\"text-align: center; font-weight: 500; line-height: 1.3;\">Ier\u012bc\u0113m un sist\u0113m\u0101m.<\/p>\n<\/div><\/section><\/p><\/div>\n<style type=\"text\/css\" data-created_by=\"avia_inline_auto\" id=\"style-css-av-8fohh-e461e988cb24cb16c3dc4174270428e4\">\n.flex_column.av-8fohh-e461e988cb24cb16c3dc4174270428e4{\nborder-radius:0px 0px 0px 0px;\npadding:0px 0px 0px 0px;\n}\n<\/style>\n<div  class='flex_column av-8fohh-e461e988cb24cb16c3dc4174270428e4 av_one_fifth  avia-builder-el-6  el_after_av_three_fifth  avia-builder-el-last  flex_column_div av-zero-column-padding  '     ><\/div>\n\n<\/div><\/div><\/main><!-- close content main element --><\/div><\/div><\/div>\n<style type=\"text\/css\" data-created_by=\"avia_inline_auto\" id=\"style-css-av-jxualtnu-d3781e08846cd2724fadda66172b8ec6\">\n.avia-section.av-jxualtnu-d3781e08846cd2724fadda66172b8ec6{\nbackground-repeat:no-repeat;\nbackground-image:url(https:\/\/sistematiks.com\/wp-content\/uploads\/2019\/10\/shutterstock_1491300380.jpg);\nbackground-position:50% 50%;\nbackground-attachment:scroll;\n}\n.avia-section.av-jxualtnu-d3781e08846cd2724fadda66172b8ec6 .av-section-color-overlay{\nopacity:0.8;\nbackground-color:#32587c;\n}\n<\/style>\n<div id='av_section_2'  class='avia-section av-jxualtnu-d3781e08846cd2724fadda66172b8ec6 main_color avia-section-small avia-no-border-styling  avia-builder-el-7  el_after_av_section  el_before_av_section  av-desktop-hide av-medium-hide avia-full-stretch avia-bg-style-scroll av-section-color-overlay-active container_wrap sidebar_right'  data-section-bg-repeat='stretch'><div class=\"av-section-color-overlay-wrap\"><div class=\"av-section-color-overlay\"><\/div><div class='container av-section-cont-open' ><div class='template-page content  av-content-small alpha units'><div class='post-entry post-entry-type-page post-entry-1555'><div class='entry-content-wrapper clearfix'>\n\n<style type=\"text\/css\" data-created_by=\"avia_inline_auto\" id=\"style-css-av-iufzx-cf965dbf47b178a973ee7390f8368311\">\n.flex_column.av-iufzx-cf965dbf47b178a973ee7390f8368311{\nborder-radius:0px 0px 0px 0px;\npadding:0px 0px 0px 0px;\n}\n<\/style>\n<div  class='flex_column av-iufzx-cf965dbf47b178a973ee7390f8368311 av_one_fifth  avia-builder-el-8  el_before_av_three_fifth  avia-builder-el-first  first flex_column_div av-zero-column-padding  '     ><\/div>\n<style type=\"text\/css\" data-created_by=\"avia_inline_auto\" id=\"style-css-av-1eklp-14ffc3afaeb4950ece578309b716d876\">\n.flex_column.av-1eklp-14ffc3afaeb4950ece578309b716d876{\nborder-radius:0px 0px 0px 0px;\npadding:0px 0px 0px 0px;\n}\n<\/style>\n<div  class='flex_column av-1eklp-14ffc3afaeb4950ece578309b716d876 av_three_fifth  avia-builder-el-9  el_after_av_one_fifth  el_before_av_one_fifth  flex_column_div av-zero-column-padding  '     ><p>\n<style type=\"text\/css\" data-created_by=\"avia_inline_auto\" id=\"style-css-av-jxuaq75p-ff64fc1f7c7d2657c93e99f0ad4c5b77\">\n.avia-image-container.av-jxuaq75p-ff64fc1f7c7d2657c93e99f0ad4c5b77 img.avia_image{\nbox-shadow:none;\n}\n.avia-image-container.av-jxuaq75p-ff64fc1f7c7d2657c93e99f0ad4c5b77 .av-image-caption-overlay-center{\ncolor:#ffffff;\n}\n<\/style>\n<div  class='avia-image-container av-jxuaq75p-ff64fc1f7c7d2657c93e99f0ad4c5b77 av-styling-no-styling avia-align-center  avia-builder-el-10  el_before_av_heading  avia-builder-el-first '   itemprop=\"image\" itemscope=\"itemscope\" itemtype=\"https:\/\/schema.org\/ImageObject\" ><div class=\"avia-image-container-inner\"><div class=\"avia-image-overlay-wrap\"><img decoding=\"async\" fetchpriority=\"high\" class='wp-image-1485 avia-img-lazy-loading-not-1485 avia_image ' src=\"https:\/\/sistematiks.com\/wp-content\/uploads\/2019\/07\/sketch_icon-1.png\" alt='' title='sketch_icon (1)'  height=\"50\" width=\"50\"  itemprop=\"thumbnailUrl\" srcset=\"https:\/\/sistematiks.com\/wp-content\/uploads\/2019\/07\/sketch_icon-1.png 50w, https:\/\/sistematiks.com\/wp-content\/uploads\/2019\/07\/sketch_icon-1-36x36.png 36w\" sizes=\"(max-width: 50px) 100vw, 50px\" \/><\/div><\/div><\/div><br \/>\n\n<style type=\"text\/css\" data-created_by=\"avia_inline_auto\" id=\"style-css-av-3ausbn-737a53efdfcb310e0cea4f466bcc8c95\">\n#top .av-special-heading.av-3ausbn-737a53efdfcb310e0cea4f466bcc8c95{\npadding-bottom:10px;\ncolor:#ffffff;\n}\nbody .av-special-heading.av-3ausbn-737a53efdfcb310e0cea4f466bcc8c95 .av-special-heading-tag .heading-char{\nfont-size:25px;\n}\n.av-special-heading.av-3ausbn-737a53efdfcb310e0cea4f466bcc8c95 .special-heading-inner-border{\nborder-color:#ffffff;\n}\n.av-special-heading.av-3ausbn-737a53efdfcb310e0cea4f466bcc8c95 .av-subheading{\nfont-size:15px;\n}\n<\/style>\n<div  class='av-special-heading av-3ausbn-737a53efdfcb310e0cea4f466bcc8c95 av-special-heading-h1 custom-color-heading blockquote modern-quote modern-centered  avia-builder-el-11  el_after_av_image  el_before_av_textblock '><h1 class='av-special-heading-tag '  itemprop=\"headline\"  >Regul\u0113\u0161ana un palai\u0161ana<\/h1><div class=\"special-heading-border\"><div class=\"special-heading-inner-border\"><\/div><\/div><\/div><br \/>\n\n<style type=\"text\/css\" data-created_by=\"avia_inline_auto\" id=\"style-css-av-jxuapimb-a811e4a4416f14258a1e0cd5a7b477de\">\n#top .av_textblock_section.av-jxuapimb-a811e4a4416f14258a1e0cd5a7b477de .avia_textblock{\nfont-size:18px;\ncolor:#ffffff;\n}\n<\/style>\n<section  class='av_textblock_section av-jxuapimb-a811e4a4416f14258a1e0cd5a7b477de '   itemscope=\"itemscope\" itemtype=\"https:\/\/schema.org\/CreativeWork\" ><div class='avia_textblock av_inherit_color'  itemprop=\"text\" ><p style=\"text-align: center; font-weight: 500; line-height: 1.3;\">Ier\u012bc\u0113m un sist\u0113m\u0101m.<\/p>\n<\/div><\/section><\/p><\/div>\n<style type=\"text\/css\" data-created_by=\"avia_inline_auto\" id=\"style-css-av-8fohh-e461e988cb24cb16c3dc4174270428e4\">\n.flex_column.av-8fohh-e461e988cb24cb16c3dc4174270428e4{\nborder-radius:0px 0px 0px 0px;\npadding:0px 0px 0px 0px;\n}\n<\/style>\n<div  class='flex_column av-8fohh-e461e988cb24cb16c3dc4174270428e4 av_one_fifth  avia-builder-el-13  el_after_av_three_fifth  avia-builder-el-last  flex_column_div av-zero-column-padding  '     ><\/div>\n\n<\/div><\/div><\/div><!-- close content main div --><\/div><\/div><\/div><div id='av_section_3'  class='avia-section av-96kyh-0cba30e480ace217e3b449f9b54ad032 main_color avia-section-default avia-no-border-styling  avia-builder-el-14  el_after_av_section  el_before_av_layout_row  avia-bg-style-scroll container_wrap sidebar_right'  ><div class='container av-section-cont-open' ><div class='template-page content  av-content-small alpha units'><div class='post-entry post-entry-type-page post-entry-1555'><div class='entry-content-wrapper clearfix'>\n<section  class='av_textblock_section av-jxzt38fp-e2ca1b87ab6095d7dcc32a820ac51216 '   itemscope=\"itemscope\" itemtype=\"https:\/\/schema.org\/CreativeWork\" ><div class='avia_textblock'  itemprop=\"text\" ><p style=\"text-align: center; font-weight: 600;\"><span style=\"color: b2b2b2;\"><a style=\"color: b2b2b2;\" href=\"https:\/\/sistematiks.com\/lv\/pakalpojumi\/\">Da\u017e\u0101di pakalpojumi<\/a> ><\/span> Piel\u0101go\u0161ana un palai\u0161ana<\/p>\n<\/div><\/section>\n\n<\/div><\/div><\/div><!-- close content main div --><\/div><\/div><div id='av-layout-grid-1'  class='av-layout-grid-container av-h5let-9ec9fcad146211a8df97ebfc2607e44d entry-content-wrapper main_color av-flex-cells  avia-builder-el-16  el_after_av_section  el_before_av_hr  grid-row-not-first  container_wrap sidebar_right'  >\n\n<style type=\"text\/css\" data-created_by=\"avia_inline_auto\" id=\"style-css-av-9p6lp-b471baace600391d09923d47481a9bef\">\n.flex_cell.av-9p6lp-b471baace600391d09923d47481a9bef{\nvertical-align:top;\n}\n.responsive #top #wrap_all .flex_cell.av-9p6lp-b471baace600391d09923d47481a9bef{\npadding:50px 6% 50px 6% !important;\n}\n<\/style>\n<div class='flex_cell av-9p6lp-b471baace600391d09923d47481a9bef av-gridrow-cell av_one_half no_margin  avia-builder-el-17  el_before_av_cell_one_half  avia-builder-el-first  content-align-top'  ><div class='flex_cell_inner'><p>\n<style type=\"text\/css\" data-created_by=\"avia_inline_auto\" id=\"style-css-av-2rvwzn-c8828cddf18bca9d89116d4e57701bc1\">\n#top .av-special-heading.av-2rvwzn-c8828cddf18bca9d89116d4e57701bc1{\npadding-bottom:10px;\n}\nbody .av-special-heading.av-2rvwzn-c8828cddf18bca9d89116d4e57701bc1 .av-special-heading-tag .heading-char{\nfont-size:25px;\n}\n.av-special-heading.av-2rvwzn-c8828cddf18bca9d89116d4e57701bc1 .av-subheading{\nfont-size:15px;\n}\n<\/style>\n<div  class='av-special-heading av-2rvwzn-c8828cddf18bca9d89116d4e57701bc1 av-special-heading-h2 blockquote modern-quote modern-centered  avia-builder-el-18  el_before_av_textblock  avia-builder-el-first  av-linked-heading'><h2 class='av-special-heading-tag '  itemprop=\"headline\"  >Prec\u012bza un stabila ier\u012bces vai sist\u0113mas darb\u012bba<\/h2><div class=\"special-heading-border\"><div class=\"special-heading-inner-border\"><\/div><\/div><\/div><br \/>\n<section  class='av_textblock_section av-jxuapimb-2bf3f858bb39e89f7c614ff3959e6c38 '   itemscope=\"itemscope\" itemtype=\"https:\/\/schema.org\/CreativeWork\" ><div class='avia_textblock av_inherit_color'  itemprop=\"text\" ><p style=\"text-align: center;\">tiek pan\u0101kta ne tikai izv\u0113loties piem\u0113rotas ier\u012bces un r\u016bp\u012bgi programm\u0113jot, bet ar\u012b veicot p\u0101rdom\u0101tu regul\u0113\u0161anu un palai\u0161anu.<\/p>\n<p style=\"text-align: center;\">Lai ieg\u016btu p\u0113c iesp\u0113jas augstv\u0113rt\u012bg\u0101kus rezult\u0101tus, maksim\u0101li pietuvin\u0101tu ier\u012bces vai sist\u0113mas darb\u012bbu piepras\u012btajai un da\u017ek\u0101rt pat p\u0101rsniegtu gaid\u012bto, ir svar\u012bgi veikt re\u0101lus testus un p\u0101rbaudes.<\/p>\n<\/div><\/section><\/p>\n<\/div><\/div>\n<style type=\"text\/css\" data-created_by=\"avia_inline_auto\" id=\"style-css-av-jxuefa0y-a7c672db132a63a7ddbba9efdd8e856e\">\n.flex_cell.av-jxuefa0y-a7c672db132a63a7ddbba9efdd8e856e{\nvertical-align:middle;\nbackground:url(https:\/\/sistematiks.com\/wp-content\/uploads\/2019\/10\/shutterstock_714738283.jpg) 50% 50% no-repeat scroll ;\n}\n.responsive #top #wrap_all .flex_cell.av-jxuefa0y-a7c672db132a63a7ddbba9efdd8e856e{\npadding:0px 0px 0px 0px !important;\n}\n<\/style>\n<div class='flex_cell av-jxuefa0y-a7c672db132a63a7ddbba9efdd8e856e av-gridrow-cell av_one_half no_margin  avia-builder-el-20  el_after_av_cell_one_half  avia-builder-el-last  content-align-middle av-zero-padding avia-full-stretch'  ><div class='flex_cell_inner'>\n<style type=\"text\/css\" data-created_by=\"avia_inline_auto\" id=\"style-css-av-jxubuuhg-cb2763e48a4775f5ccae9f8c09f96a19\">\n#top .hr.hr-invisible.av-jxubuuhg-cb2763e48a4775f5ccae9f8c09f96a19{\nheight:250px;\n}\n<\/style>\n<div  class='hr av-jxubuuhg-cb2763e48a4775f5ccae9f8c09f96a19 hr-invisible  avia-builder-el-21  avia-builder-el-no-sibling  av-desktop-hide av-medium-hide'><span class='hr-inner '><span class=\"hr-inner-style\"><\/span><\/span><\/div>\n<\/div><\/div><\/div><div id='after_grid_row_1'  class='main_color av_default_container_wrap container_wrap sidebar_right'  ><div class='container av-section-cont-open' ><div class='template-page content  av-content-small alpha units'><div class='post-entry post-entry-type-page post-entry-1555'><div class='entry-content-wrapper clearfix'>\n<style type=\"text\/css\" data-created_by=\"avia_inline_auto\" id=\"style-css-av-jxubuuhg-8c2fcaa4ee3a170f8ae9744d1a6f2f78\">\n#top .hr.hr-invisible.av-jxubuuhg-8c2fcaa4ee3a170f8ae9744d1a6f2f78{\nheight:30px;\n}\n<\/style>\n<div  class='hr av-jxubuuhg-8c2fcaa4ee3a170f8ae9744d1a6f2f78 hr-invisible  avia-builder-el-22  el_after_av_layout_row  el_before_av_gallery  avia-builder-el-first  av-small-hide av-mini-hide'><span class='hr-inner '><span class=\"hr-inner-style\"><\/span><\/span><\/div><\/p>\n\n<style type=\"text\/css\" data-created_by=\"avia_inline_auto\" id=\"style-css-av-jxzsx135-53f0edc7017a6eb6d25979164fbb4624\">\n#top .avia-gallery.av-jxzsx135-53f0edc7017a6eb6d25979164fbb4624 .avia-gallery-thumb a{\nwidth:25%;\n}\n<\/style>\n<div  class='avia-gallery av-jxzsx135-53f0edc7017a6eb6d25979164fbb4624 avia_animate_when_visible  avia-builder-el-23  el_after_av_hr  avia-builder-el-last  animations_off avia-gallery-1'  itemprop=\"image\" itemscope=\"itemscope\" itemtype=\"https:\/\/schema.org\/ImageObject\" ><meta itemprop=\"contentURL\" content=\"https:\/\/sistematiks.com\/lv\/pakalpojumi\/regulesana-un-palaisana\/\"><div class='avia-gallery-thumb'><a href=\"https:\/\/sistematiks.com\/wp-content\/uploads\/2019\/10\/shutterstock_1491300380-1030x687.jpg\" data-srcset=\"https:\/\/sistematiks.com\/wp-content\/uploads\/2019\/10\/shutterstock_1491300380-1030x687.jpg 1030w, https:\/\/sistematiks.com\/wp-content\/uploads\/2019\/10\/shutterstock_1491300380-300x200.jpg 300w, https:\/\/sistematiks.com\/wp-content\/uploads\/2019\/10\/shutterstock_1491300380-768x512.jpg 768w, https:\/\/sistematiks.com\/wp-content\/uploads\/2019\/10\/shutterstock_1491300380.jpg 1500w, https:\/\/sistematiks.com\/wp-content\/uploads\/2019\/10\/shutterstock_1491300380-705x470.jpg 705w, https:\/\/sistematiks.com\/wp-content\/uploads\/2019\/10\/shutterstock_1491300380-450x300.jpg 450w\" data-sizes=\"(max-width: 1030px) 100vw, 1030px\" data-rel='gallery-1' data-prev-img='https:\/\/sistematiks.com\/wp-content\/uploads\/2019\/10\/shutterstock_1491300380-495x400.jpg' class='first_thumb lightbox ' data-onclick='1' title=''  itemprop=\"thumbnailUrl\"  ><img decoding=\"async\" fetchpriority=\"high\" class=\"wp-image-1575 avia-img-lazy-loading-not-1575\"   src=\"https:\/\/sistematiks.com\/wp-content\/uploads\/2019\/10\/shutterstock_1491300380-845x684.jpg\" width=\"845\" height=\"684\"  title='' alt='' srcset=\"https:\/\/sistematiks.com\/wp-content\/uploads\/2019\/10\/shutterstock_1491300380-845x684.jpg 845w, https:\/\/sistematiks.com\/wp-content\/uploads\/2019\/10\/shutterstock_1491300380-495x400.jpg 495w\" sizes=\"(max-width: 845px) 100vw, 845px\" \/><div class='big-prev-fake'><img decoding=\"async\" loading=\"lazy\" class=\"wp-image-1575 avia-img-lazy-loading-1575\"  width=\"495\" height=\"400\" src=\"https:\/\/sistematiks.com\/wp-content\/uploads\/2019\/10\/shutterstock_1491300380-495x400.jpg\" title='' alt='' srcset=\"https:\/\/sistematiks.com\/wp-content\/uploads\/2019\/10\/shutterstock_1491300380-495x400.jpg 495w, https:\/\/sistematiks.com\/wp-content\/uploads\/2019\/10\/shutterstock_1491300380-845x684.jpg 845w\" sizes=\"auto, (max-width: 495px) 100vw, 495px\" \/><\/div><\/a><a href=\"https:\/\/sistematiks.com\/wp-content\/uploads\/2019\/10\/shutterstock_743123935-1030x687.jpg\" data-srcset=\"https:\/\/sistematiks.com\/wp-content\/uploads\/2019\/10\/shutterstock_743123935-1030x687.jpg 1030w, https:\/\/sistematiks.com\/wp-content\/uploads\/2019\/10\/shutterstock_743123935-300x200.jpg 300w, https:\/\/sistematiks.com\/wp-content\/uploads\/2019\/10\/shutterstock_743123935-768x512.jpg 768w, https:\/\/sistematiks.com\/wp-content\/uploads\/2019\/10\/shutterstock_743123935.jpg 1500w, https:\/\/sistematiks.com\/wp-content\/uploads\/2019\/10\/shutterstock_743123935-705x470.jpg 705w, https:\/\/sistematiks.com\/wp-content\/uploads\/2019\/10\/shutterstock_743123935-450x300.jpg 450w\" data-sizes=\"(max-width: 1030px) 100vw, 1030px\" data-rel='gallery-1' data-prev-img='https:\/\/sistematiks.com\/wp-content\/uploads\/2019\/10\/shutterstock_743123935-495x400.jpg' class='lightbox ' data-onclick='2' title=''  itemprop=\"thumbnailUrl\"  ><img decoding=\"async\" fetchpriority=\"high\" class=\"wp-image-1571 avia-img-lazy-loading-not-1571\"   src=\"https:\/\/sistematiks.com\/wp-content\/uploads\/2019\/10\/shutterstock_743123935-845x684.jpg\" width=\"845\" height=\"684\"  title='' alt='' srcset=\"https:\/\/sistematiks.com\/wp-content\/uploads\/2019\/10\/shutterstock_743123935-845x684.jpg 845w, https:\/\/sistematiks.com\/wp-content\/uploads\/2019\/10\/shutterstock_743123935-495x400.jpg 495w\" sizes=\"(max-width: 845px) 100vw, 845px\" \/><div class='big-prev-fake'><img decoding=\"async\" loading=\"lazy\" class=\"wp-image-1571 avia-img-lazy-loading-1571\"  width=\"495\" height=\"400\" src=\"https:\/\/sistematiks.com\/wp-content\/uploads\/2019\/10\/shutterstock_743123935-495x400.jpg\" title='' alt='' srcset=\"https:\/\/sistematiks.com\/wp-content\/uploads\/2019\/10\/shutterstock_743123935-495x400.jpg 495w, https:\/\/sistematiks.com\/wp-content\/uploads\/2019\/10\/shutterstock_743123935-845x684.jpg 845w\" sizes=\"auto, (max-width: 495px) 100vw, 495px\" \/><\/div><\/a><a href=\"https:\/\/sistematiks.com\/wp-content\/uploads\/2019\/10\/shutterstock_714738283-1030x687.jpg\" data-srcset=\"https:\/\/sistematiks.com\/wp-content\/uploads\/2019\/10\/shutterstock_714738283-1030x687.jpg 1030w, https:\/\/sistematiks.com\/wp-content\/uploads\/2019\/10\/shutterstock_714738283-300x200.jpg 300w, https:\/\/sistematiks.com\/wp-content\/uploads\/2019\/10\/shutterstock_714738283-768x512.jpg 768w, https:\/\/sistematiks.com\/wp-content\/uploads\/2019\/10\/shutterstock_714738283.jpg 1500w, https:\/\/sistematiks.com\/wp-content\/uploads\/2019\/10\/shutterstock_714738283-705x470.jpg 705w, https:\/\/sistematiks.com\/wp-content\/uploads\/2019\/10\/shutterstock_714738283-450x300.jpg 450w\" data-sizes=\"(max-width: 1030px) 100vw, 1030px\" data-rel='gallery-1' data-prev-img='https:\/\/sistematiks.com\/wp-content\/uploads\/2019\/10\/shutterstock_714738283-495x400.jpg' class='lightbox ' data-onclick='3' title=''  itemprop=\"thumbnailUrl\"  ><img decoding=\"async\" fetchpriority=\"high\" class=\"wp-image-1570 avia-img-lazy-loading-not-1570\"   src=\"https:\/\/sistematiks.com\/wp-content\/uploads\/2019\/10\/shutterstock_714738283-845x684.jpg\" width=\"845\" height=\"684\"  title='' alt='' srcset=\"https:\/\/sistematiks.com\/wp-content\/uploads\/2019\/10\/shutterstock_714738283-845x684.jpg 845w, https:\/\/sistematiks.com\/wp-content\/uploads\/2019\/10\/shutterstock_714738283-495x400.jpg 495w\" sizes=\"(max-width: 845px) 100vw, 845px\" \/><div class='big-prev-fake'><img decoding=\"async\" loading=\"lazy\" class=\"wp-image-1570 avia-img-lazy-loading-1570\"  width=\"495\" height=\"400\" src=\"https:\/\/sistematiks.com\/wp-content\/uploads\/2019\/10\/shutterstock_714738283-495x400.jpg\" title='' alt='' srcset=\"https:\/\/sistematiks.com\/wp-content\/uploads\/2019\/10\/shutterstock_714738283-495x400.jpg 495w, https:\/\/sistematiks.com\/wp-content\/uploads\/2019\/10\/shutterstock_714738283-845x684.jpg 845w\" sizes=\"auto, (max-width: 495px) 100vw, 495px\" \/><\/div><\/a><a href=\"https:\/\/sistematiks.com\/wp-content\/uploads\/2019\/10\/shutterstock_93443776-1030x687.jpg\" data-srcset=\"https:\/\/sistematiks.com\/wp-content\/uploads\/2019\/10\/shutterstock_93443776-1030x687.jpg 1030w, https:\/\/sistematiks.com\/wp-content\/uploads\/2019\/10\/shutterstock_93443776-300x200.jpg 300w, https:\/\/sistematiks.com\/wp-content\/uploads\/2019\/10\/shutterstock_93443776-768x512.jpg 768w, https:\/\/sistematiks.com\/wp-content\/uploads\/2019\/10\/shutterstock_93443776.jpg 1500w, https:\/\/sistematiks.com\/wp-content\/uploads\/2019\/10\/shutterstock_93443776-705x470.jpg 705w, https:\/\/sistematiks.com\/wp-content\/uploads\/2019\/10\/shutterstock_93443776-450x300.jpg 450w\" data-sizes=\"(max-width: 1030px) 100vw, 1030px\" data-rel='gallery-1' data-prev-img='https:\/\/sistematiks.com\/wp-content\/uploads\/2019\/10\/shutterstock_93443776-495x400.jpg' class='lightbox ' data-onclick='4' title=''  itemprop=\"thumbnailUrl\"  ><img decoding=\"async\" fetchpriority=\"high\" class=\"wp-image-1556 avia-img-lazy-loading-not-1556\"   src=\"https:\/\/sistematiks.com\/wp-content\/uploads\/2019\/10\/shutterstock_93443776-845x684.jpg\" width=\"845\" height=\"684\"  title='' alt='' srcset=\"https:\/\/sistematiks.com\/wp-content\/uploads\/2019\/10\/shutterstock_93443776-845x684.jpg 845w, https:\/\/sistematiks.com\/wp-content\/uploads\/2019\/10\/shutterstock_93443776-495x400.jpg 495w\" sizes=\"(max-width: 845px) 100vw, 845px\" \/><div class='big-prev-fake'><img decoding=\"async\" loading=\"lazy\" class=\"wp-image-1556 avia-img-lazy-loading-1556\"  width=\"495\" height=\"400\" src=\"https:\/\/sistematiks.com\/wp-content\/uploads\/2019\/10\/shutterstock_93443776-495x400.jpg\" title='' alt='' srcset=\"https:\/\/sistematiks.com\/wp-content\/uploads\/2019\/10\/shutterstock_93443776-495x400.jpg 495w, https:\/\/sistematiks.com\/wp-content\/uploads\/2019\/10\/shutterstock_93443776-845x684.jpg 845w\" sizes=\"auto, (max-width: 495px) 100vw, 495px\" \/><\/div><\/a><\/div><\/div>\n","protected":false},"excerpt":{"rendered":"","protected":false},"author":1,"featured_media":0,"parent":1642,"menu_order":0,"comment_status":"closed","ping_status":"closed","template":"","meta":{"footnotes":""},"class_list":["post-1555","page","type-page","status-publish","hentry"],"_links":{"self":[{"href":"https:\/\/sistematiks.com\/lv\/wp-json\/wp\/v2\/pages\/1555","targetHints":{"allow":["GET"]}}],"collection":[{"href":"https:\/\/sistematiks.com\/lv\/wp-json\/wp\/v2\/pages"}],"about":[{"href":"https:\/\/sistematiks.com\/lv\/wp-json\/wp\/v2\/types\/page"}],"author":[{"embeddable":true,"href":"https:\/\/sistematiks.com\/lv\/wp-json\/wp\/v2\/users\/1"}],"replies":[{"embeddable":true,"href":"https:\/\/sistematiks.com\/lv\/wp-json\/wp\/v2\/comments?post=1555"}],"version-history":[{"count":7,"href":"https:\/\/sistematiks.com\/lv\/wp-json\/wp\/v2\/pages\/1555\/revisions"}],"predecessor-version":[{"id":2076,"href":"https:\/\/sistematiks.com\/lv\/wp-json\/wp\/v2\/pages\/1555\/revisions\/2076"}],"up":[{"embeddable":true,"href":"https:\/\/sistematiks.com\/lv\/wp-json\/wp\/v2\/pages\/1642"}],"wp:attachment":[{"href":"https:\/\/sistematiks.com\/lv\/wp-json\/wp\/v2\/media?parent=1555"}],"curies":[{"name":"wp","href":"https:\/\/api.w.org\/{rel}","templated":true}]}}