{"id":1503,"date":"2022-09-07T17:10:54","date_gmt":"2022-09-07T14:10:54","guid":{"rendered":"https:\/\/sistematiks.com\/cenu-piedavajuma-tests\/"},"modified":"2026-03-09T12:11:33","modified_gmt":"2026-03-09T10:11:33","slug":"cenu-piedavajuma-tests","status":"publish","type":"page","link":"https:\/\/sistematiks.com\/lv\/cenu-piedavajuma-tests\/","title":{"rendered":"Cenu pied\u0101v\u0101juma tests"},"content":{"rendered":"\n<style type=\"text\/css\" data-created_by=\"avia_inline_auto\" id=\"style-css-av-jxualtnu-de0d76cba5b7e83dfe48302f510e5f5f\">\n.avia-section.av-jxualtnu-de0d76cba5b7e83dfe48302f510e5f5f{\nbackground-repeat:no-repeat;\nbackground-image:url(https:\/\/sistematiks.com\/wp-content\/uploads\/2020\/04\/shutterstock_165228059.jpg);\nbackground-position:50% 50%;\nbackground-attachment:scroll;\n}\n.avia-section.av-jxualtnu-de0d76cba5b7e83dfe48302f510e5f5f .av-section-color-overlay{\nopacity:0.8;\nbackground-color:#32587c;\n}\n<\/style>\n<div id='av_section_1'  class='avia-section av-jxualtnu-de0d76cba5b7e83dfe48302f510e5f5f main_color avia-section-default avia-no-border-styling  avia-builder-el-0  el_before_av_section  avia-builder-el-first  av-small-hide av-mini-hide avia-full-stretch avia-bg-style-scroll av-section-color-overlay-active container_wrap sidebar_right'  data-section-bg-repeat='stretch'><div class=\"av-section-color-overlay-wrap\"><div class=\"av-section-color-overlay\"><\/div><div class='container av-section-cont-open' ><main  role=\"main\" itemprop=\"mainContentOfPage\"  class='template-page content  av-content-small alpha units'><div class='post-entry post-entry-type-page post-entry-1503'><div class='entry-content-wrapper clearfix'>\n\n<style type=\"text\/css\" data-created_by=\"avia_inline_auto\" id=\"style-css-av-iufzx-cf965dbf47b178a973ee7390f8368311\">\n.flex_column.av-iufzx-cf965dbf47b178a973ee7390f8368311{\nborder-radius:0px 0px 0px 0px;\npadding:0px 0px 0px 0px;\n}\n<\/style>\n<div  class='flex_column av-iufzx-cf965dbf47b178a973ee7390f8368311 av_one_fifth  avia-builder-el-1  el_before_av_three_fifth  avia-builder-el-first  first flex_column_div av-zero-column-padding  '     ><\/div>\n<style type=\"text\/css\" data-created_by=\"avia_inline_auto\" id=\"style-css-av-1eklp-14ffc3afaeb4950ece578309b716d876\">\n.flex_column.av-1eklp-14ffc3afaeb4950ece578309b716d876{\nborder-radius:0px 0px 0px 0px;\npadding:0px 0px 0px 0px;\n}\n<\/style>\n<div  class='flex_column av-1eklp-14ffc3afaeb4950ece578309b716d876 av_three_fifth  avia-builder-el-2  el_after_av_one_fifth  el_before_av_one_fifth  flex_column_div av-zero-column-padding  '     ><p>\n<style type=\"text\/css\" data-created_by=\"avia_inline_auto\" id=\"style-css-av-jxuaq75p-86e1cf3c2ff4aff992f9b1c4ca236860\">\n.avia-image-container.av-jxuaq75p-86e1cf3c2ff4aff992f9b1c4ca236860 img.avia_image{\nbox-shadow:none;\n}\n.avia-image-container.av-jxuaq75p-86e1cf3c2ff4aff992f9b1c4ca236860 .av-image-caption-overlay-center{\ncolor:#ffffff;\n}\n<\/style>\n<div  class='avia-image-container av-jxuaq75p-86e1cf3c2ff4aff992f9b1c4ca236860 av-styling-no-styling avia-align-center  avia-builder-el-3  el_before_av_heading  avia-builder-el-first '   itemprop=\"image\" itemscope=\"itemscope\" itemtype=\"https:\/\/schema.org\/ImageObject\" ><div class=\"avia-image-container-inner\"><div class=\"avia-image-overlay-wrap\"><img decoding=\"async\" fetchpriority=\"high\" class='wp-image-1504 avia-img-lazy-loading-not-1504 avia_image ' src=\"https:\/\/sistematiks.com\/wp-content\/uploads\/2019\/07\/sistematiks_logo_white-2.png\" alt='' title='sistematiks_logo_white (2)'  height=\"78\" width=\"128\"  itemprop=\"thumbnailUrl\"  \/><\/div><\/div><\/div><br \/>\n\n<style type=\"text\/css\" data-created_by=\"avia_inline_auto\" id=\"style-css-av-l7rphfsd-b01c5f2fd11cb50f7a335ec48f52f71c\">\n#top .av-special-heading.av-l7rphfsd-b01c5f2fd11cb50f7a335ec48f52f71c{\npadding-bottom:10px;\ncolor:#ffffff;\n}\nbody .av-special-heading.av-l7rphfsd-b01c5f2fd11cb50f7a335ec48f52f71c .av-special-heading-tag .heading-char{\nfont-size:25px;\n}\n.av-special-heading.av-l7rphfsd-b01c5f2fd11cb50f7a335ec48f52f71c .special-heading-inner-border{\nborder-color:#ffffff;\n}\n.av-special-heading.av-l7rphfsd-b01c5f2fd11cb50f7a335ec48f52f71c .av-subheading{\nfont-size:15px;\n}\n<\/style>\n<div  class='av-special-heading av-l7rphfsd-b01c5f2fd11cb50f7a335ec48f52f71c av-special-heading-h1 custom-color-heading blockquote modern-quote modern-centered  avia-builder-el-4  el_after_av_image  avia-builder-el-last  av-linked-heading'><h1 class='av-special-heading-tag '  itemprop=\"headline\"  >Siemens<\/h1><div class=\"special-heading-border\"><div class=\"special-heading-inner-border\"><\/div><\/div><\/div><\/p><\/div>\n<style type=\"text\/css\" data-created_by=\"avia_inline_auto\" id=\"style-css-av-8fohh-e461e988cb24cb16c3dc4174270428e4\">\n.flex_column.av-8fohh-e461e988cb24cb16c3dc4174270428e4{\nborder-radius:0px 0px 0px 0px;\npadding:0px 0px 0px 0px;\n}\n<\/style>\n<div  class='flex_column av-8fohh-e461e988cb24cb16c3dc4174270428e4 av_one_fifth  avia-builder-el-5  el_after_av_three_fifth  avia-builder-el-last  flex_column_div av-zero-column-padding  '     ><\/div><\/div><\/div><\/main><!-- close content main element --><\/div><\/div><\/div>\n<style type=\"text\/css\" data-created_by=\"avia_inline_auto\" id=\"style-css-av-jxualtnu-2e1d3974f6279db0a5143fc7112dbdb5\">\n.avia-section.av-jxualtnu-2e1d3974f6279db0a5143fc7112dbdb5{\nbackground-repeat:no-repeat;\nbackground-image:url(https:\/\/sistematiks.com\/wp-content\/uploads\/2020\/04\/shutterstock_165228059.jpg);\nbackground-position:50% 50%;\nbackground-attachment:scroll;\n}\n.avia-section.av-jxualtnu-2e1d3974f6279db0a5143fc7112dbdb5 .av-section-color-overlay{\nopacity:0.8;\nbackground-color:#32587c;\n}\n<\/style>\n<div id='av_section_2'  class='avia-section av-jxualtnu-2e1d3974f6279db0a5143fc7112dbdb5 main_color avia-section-small avia-no-border-styling  avia-builder-el-6  el_after_av_section  el_before_av_section  av-desktop-hide av-medium-hide avia-full-stretch avia-bg-style-scroll av-section-color-overlay-active container_wrap sidebar_right'  data-section-bg-repeat='stretch'><div class=\"av-section-color-overlay-wrap\"><div class=\"av-section-color-overlay\"><\/div><div class='container av-section-cont-open' ><div class='template-page content  av-content-small alpha units'><div class='post-entry post-entry-type-page post-entry-1503'><div class='entry-content-wrapper clearfix'>\n\n<style type=\"text\/css\" data-created_by=\"avia_inline_auto\" id=\"style-css-av-iufzx-cf965dbf47b178a973ee7390f8368311\">\n.flex_column.av-iufzx-cf965dbf47b178a973ee7390f8368311{\nborder-radius:0px 0px 0px 0px;\npadding:0px 0px 0px 0px;\n}\n<\/style>\n<div  class='flex_column av-iufzx-cf965dbf47b178a973ee7390f8368311 av_one_fifth  avia-builder-el-7  el_before_av_three_fifth  avia-builder-el-first  first flex_column_div av-zero-column-padding  '     ><\/div>\n<style type=\"text\/css\" data-created_by=\"avia_inline_auto\" id=\"style-css-av-1eklp-14ffc3afaeb4950ece578309b716d876\">\n.flex_column.av-1eklp-14ffc3afaeb4950ece578309b716d876{\nborder-radius:0px 0px 0px 0px;\npadding:0px 0px 0px 0px;\n}\n<\/style>\n<div  class='flex_column av-1eklp-14ffc3afaeb4950ece578309b716d876 av_three_fifth  avia-builder-el-8  el_after_av_one_fifth  el_before_av_one_fifth  flex_column_div av-zero-column-padding  '     ><p>\n<style type=\"text\/css\" data-created_by=\"avia_inline_auto\" id=\"style-css-av-jxuaq75p-86e1cf3c2ff4aff992f9b1c4ca236860\">\n.avia-image-container.av-jxuaq75p-86e1cf3c2ff4aff992f9b1c4ca236860 img.avia_image{\nbox-shadow:none;\n}\n.avia-image-container.av-jxuaq75p-86e1cf3c2ff4aff992f9b1c4ca236860 .av-image-caption-overlay-center{\ncolor:#ffffff;\n}\n<\/style>\n<div  class='avia-image-container av-jxuaq75p-86e1cf3c2ff4aff992f9b1c4ca236860 av-styling-no-styling avia-align-center  avia-builder-el-9  el_before_av_heading  avia-builder-el-first '   itemprop=\"image\" itemscope=\"itemscope\" itemtype=\"https:\/\/schema.org\/ImageObject\" ><div class=\"avia-image-container-inner\"><div class=\"avia-image-overlay-wrap\"><img decoding=\"async\" fetchpriority=\"high\" class='wp-image-1504 avia-img-lazy-loading-not-1504 avia_image ' src=\"https:\/\/sistematiks.com\/wp-content\/uploads\/2019\/07\/sistematiks_logo_white-2.png\" alt='' title='sistematiks_logo_white (2)'  height=\"78\" width=\"128\"  itemprop=\"thumbnailUrl\"  \/><\/div><\/div><\/div><br \/>\n\n<style type=\"text\/css\" data-created_by=\"avia_inline_auto\" id=\"style-css-av-l7rphih1-875ec2ee3451bc02fb4195ce719e7068\">\n#top .av-special-heading.av-l7rphih1-875ec2ee3451bc02fb4195ce719e7068{\npadding-bottom:10px;\ncolor:#ffffff;\n}\nbody .av-special-heading.av-l7rphih1-875ec2ee3451bc02fb4195ce719e7068 .av-special-heading-tag .heading-char{\nfont-size:25px;\n}\n.av-special-heading.av-l7rphih1-875ec2ee3451bc02fb4195ce719e7068 .special-heading-inner-border{\nborder-color:#ffffff;\n}\n.av-special-heading.av-l7rphih1-875ec2ee3451bc02fb4195ce719e7068 .av-subheading{\nfont-size:15px;\n}\n<\/style>\n<div  class='av-special-heading av-l7rphih1-875ec2ee3451bc02fb4195ce719e7068 av-special-heading-h1 custom-color-heading blockquote modern-quote modern-centered  avia-builder-el-10  el_after_av_image  avia-builder-el-last  av-linked-heading'><h1 class='av-special-heading-tag '  itemprop=\"headline\"  >Siemens<\/h1><div class=\"special-heading-border\"><div class=\"special-heading-inner-border\"><\/div><\/div><\/div><\/p><\/div>\n<style type=\"text\/css\" data-created_by=\"avia_inline_auto\" id=\"style-css-av-8fohh-e461e988cb24cb16c3dc4174270428e4\">\n.flex_column.av-8fohh-e461e988cb24cb16c3dc4174270428e4{\nborder-radius:0px 0px 0px 0px;\npadding:0px 0px 0px 0px;\n}\n<\/style>\n<div  class='flex_column av-8fohh-e461e988cb24cb16c3dc4174270428e4 av_one_fifth  avia-builder-el-11  el_after_av_three_fifth  avia-builder-el-last  flex_column_div av-zero-column-padding  '     ><\/div><\/div><\/div><\/div><!-- close content main div --><\/div><\/div><\/div><div id='av_section_3'  class='avia-section av-974wt-2e97a84b1183f72b3a5594ac4c153af7 main_color avia-section-default avia-no-border-styling  avia-builder-el-12  el_after_av_section  el_before_av_section  av-small-hide av-mini-hide avia-bg-style-scroll container_wrap sidebar_right'  ><div class='container av-section-cont-open' ><div class='template-page content  av-content-small alpha units'><div class='post-entry post-entry-type-page post-entry-1503'><div class='entry-content-wrapper clearfix'>\n\n<style type=\"text\/css\" data-created_by=\"avia_inline_auto\" id=\"style-css-av-28h6xr-1b8478eecee479002c676a354f829ee8\">\n#top .av-special-heading.av-28h6xr-1b8478eecee479002c676a354f829ee8{\npadding-bottom:10px;\n}\nbody .av-special-heading.av-28h6xr-1b8478eecee479002c676a354f829ee8 .av-special-heading-tag .heading-char{\nfont-size:25px;\n}\n.av-special-heading.av-28h6xr-1b8478eecee479002c676a354f829ee8 .av-subheading{\nfont-size:15px;\n}\n<\/style>\n<div  class='av-special-heading av-28h6xr-1b8478eecee479002c676a354f829ee8 av-special-heading-h2 blockquote modern-quote modern-centered  avia-builder-el-13  el_before_av_hr  avia-builder-el-first  av-linked-heading'><h2 class='av-special-heading-tag '  itemprop=\"headline\"  >Siemens<\/h2><div class=\"special-heading-border\"><div class=\"special-heading-inner-border\"><\/div><\/div><\/div>\n\n<style type=\"text\/css\" data-created_by=\"avia_inline_auto\" id=\"style-css-av-jxubuuhg-fef2d60f40d75b3fcfafb2c392f3b148\">\n#top .hr.hr-invisible.av-jxubuuhg-fef2d60f40d75b3fcfafb2c392f3b148{\nheight:30px;\n}\n<\/style>\n<div  class='hr av-jxubuuhg-fef2d60f40d75b3fcfafb2c392f3b148 hr-invisible  avia-builder-el-14  el_after_av_heading  el_before_av_one_full '><span class='hr-inner '><span class=\"hr-inner-style\"><\/span><\/span><\/div>\n\n<style type=\"text\/css\" data-created_by=\"avia_inline_auto\" id=\"style-css-av-3vu3y7-7f51313488897176c1c92c8b03df02b0\">\n.flex_column.av-3vu3y7-7f51313488897176c1c92c8b03df02b0{\nborder-radius:0px 0px 0px 0px;\npadding:0px 0px 0px 0px;\n}\n<\/style>\n<div  class='flex_column av-3vu3y7-7f51313488897176c1c92c8b03df02b0 av_one_full  avia-builder-el-15  el_after_av_hr  avia-builder-el-last  first flex_column_div av-zero-column-padding  '     ><div class='avia-data-table-wrap av-10up38v-a62faa3a64374a5edadae0844d56b1dc avia_responsive_table avia-table-1'><table  class='avia-table avia-data-table avia_pricing_default  avia-builder-el-16  avia-builder-el-no-sibling '  itemscope=\"itemscope\" itemtype=\"https:\/\/schema.org\/Table\" ><tbody><tr class='avia-heading-row'><th class=''>Foto<\/th><th class=''>Kods<\/th><th class=''>Apraksts<\/th><th class=''>Valsts<\/th><th class=''>Daudzums<\/th><th class=''>Cit\u0113t<\/th><\/tr><tr class=''><td class=''><img decoding=\"async\" src=\"https:\/\/sistematiks.com\/wp-content\/uploads\/2020\/04\/shutterstock_1009873033.jpg\"><\/td><td class=''>123456<\/td><td class=''>Teksts 1<\/td><td class=''>Teksts<\/td><td class=''>1<\/td><td class=''><\/td><\/tr><tr class=''><td class=''><img decoding=\"async\" src=\"https:\/\/sistematiks.com\/wp-content\/uploads\/2020\/04\/shutterstock_1009873033.jpg\"><\/td><td class=''>567890<\/td><td class=''>Teksts 2<\/td><td class=''>Teksts<\/td><td class=''>3<\/td><td class=''><\/td><\/tr><\/tbody><\/table><\/div><style type='text\/css'>.avia-table-1 td:nth-of-type(1):before { content: 'Foto'; } .avia-table-1 td:nth-of-type(2):before { content: 'Kods'; } .avia-table-1 td:nth-of-type(3):before { content: 'Apraksts'; } .avia-table-1 td:nth-of-type(4):before { content: 'Valsts'; } .avia-table-1 td:nth-of-type(5):before { content: 'Daudzums'; } .avia-table-1 td:nth-of-type(6):before { content: 'Cit\u0113t'; } <\/style><\/div>\n<\/p>\n<\/div><\/div><\/div><!-- close content main div --><\/div><\/div><div id='av_section_4'  class='avia-section av-974wt-2e97a84b1183f72b3a5594ac4c153af7 main_color avia-section-default avia-no-border-styling  avia-builder-el-17  el_after_av_section  avia-builder-el-last  av-small-hide av-mini-hide avia-bg-style-scroll container_wrap sidebar_right'  ><div class='container av-section-cont-open' ><div class='template-page content  av-content-small alpha units'><div class='post-entry post-entry-type-page post-entry-1503'><div class='entry-content-wrapper clearfix'>\n\n<style type=\"text\/css\" data-created_by=\"avia_inline_auto\" id=\"style-css-av-l7rphpbh-d360cade5fef3dc8ee45d4940729dc38\">\n#top .av-special-heading.av-l7rphpbh-d360cade5fef3dc8ee45d4940729dc38{\npadding-bottom:10px;\n}\nbody .av-special-heading.av-l7rphpbh-d360cade5fef3dc8ee45d4940729dc38 .av-special-heading-tag .heading-char{\nfont-size:25px;\n}\n.av-special-heading.av-l7rphpbh-d360cade5fef3dc8ee45d4940729dc38 .av-subheading{\nfont-size:15px;\n}\n<\/style>\n<div  class='av-special-heading av-l7rphpbh-d360cade5fef3dc8ee45d4940729dc38 av-special-heading-h2 blockquote modern-quote modern-centered  avia-builder-el-18  el_before_av_hr  avia-builder-el-first  av-linked-heading'><h2 class='av-special-heading-tag '  itemprop=\"headline\"  >Cenu pied\u0101v\u0101jums<\/h2><div class=\"special-heading-border\"><div class=\"special-heading-inner-border\"><\/div><\/div><\/div>\n\n<style type=\"text\/css\" data-created_by=\"avia_inline_auto\" id=\"style-css-av-jxubuuhg-fef2d60f40d75b3fcfafb2c392f3b148\">\n#top .hr.hr-invisible.av-jxubuuhg-fef2d60f40d75b3fcfafb2c392f3b148{\nheight:30px;\n}\n<\/style>\n<div  class='hr av-jxubuuhg-fef2d60f40d75b3fcfafb2c392f3b148 hr-invisible  avia-builder-el-19  el_after_av_heading  el_before_av_one_fourth '><span class='hr-inner '><span class=\"hr-inner-style\"><\/span><\/span><\/div>\n\n<style type=\"text\/css\" data-created_by=\"avia_inline_auto\" id=\"style-css-av-5u2egv-057bdab82396377672dcea485311d110\">\n.flex_column.av-5u2egv-057bdab82396377672dcea485311d110{\nborder-radius:0px 0px 0px 0px;\npadding:0px 0px 0px 0px;\n}\n<\/style>\n<div  class='flex_column av-5u2egv-057bdab82396377672dcea485311d110 av_one_fourth  avia-builder-el-20  el_after_av_hr  el_before_av_one_half  first flex_column_div av-zero-column-padding  '     ><\/div>\n<style type=\"text\/css\" data-created_by=\"avia_inline_auto\" id=\"style-css-av-3vu3y7-23903f46fb07867b9ea24d88be5b4cf1\">\n.flex_column.av-3vu3y7-23903f46fb07867b9ea24d88be5b4cf1{\nborder-radius:0px 0px 0px 0px;\npadding:0px 0px 0px 0px;\n}\n<\/style>\n<div  class='flex_column av-3vu3y7-23903f46fb07867b9ea24d88be5b4cf1 av_one_half  avia-builder-el-21  el_after_av_one_fourth  el_before_av_one_fourth  flex_column_div av-zero-column-padding  '     ><form action=\"https:\/\/sistematiks.com\/lv\/cenu-piedavajuma-tests\/\" method=\"post\" data-fields-with-error=\"Found errors in the following field(s):\" class=\"avia_ajax_form av-form-labels-visible   avia-builder-el-22  avia-builder-el-no-sibling   \" data-avia-form-id=\"1\" data-avia-redirect='' ><fieldset><p class='  first_form  form_element form_element_half' id='element_avia_1_1'><label for=\"avia_1_1\">T\u0101lrunis <abbr class=\"required\" title=\"required\">*<\/abbr><\/label> <input name=\"avia_1_1\" class=\"text_input is_empty\" type=\"text\" id=\"avia_1_1\" value=\"\" \/><\/p><p class='  form_element form_element_half' id='element_avia_2_1'><label for=\"avia_2_1\">Uz\u0146\u0113mums <abbr class=\"required\" title=\"required\">*<\/abbr><\/label> <input name=\"avia_2_1\" class=\"text_input is_empty\" type=\"text\" id=\"avia_2_1\" value=\"\" \/><\/p><p class='  first_form  form_element form_element_half' id='element_avia_3_1'><label for=\"avia_3_1\">Adrese <abbr class=\"required\" title=\"required\">*<\/abbr><\/label> <input name=\"avia_3_1\" class=\"text_input is_empty\" type=\"text\" id=\"avia_3_1\" value=\"\" \/><\/p><p class='  form_element form_element_half' id='element_avia_4_1'><label for=\"avia_4_1\">PVN <abbr class=\"required\" title=\"required\">*<\/abbr><\/label> <input name=\"avia_4_1\" class=\"text_input is_empty\" type=\"text\" id=\"avia_4_1\" value=\"\" \/><\/p><p class='  first_form  form_element form_fullwidth' id='element_avia_5_1'><label for=\"avia_5_1\">E-pasts <abbr class=\"required\" title=\"required\">*<\/abbr><\/label> <input name=\"avia_5_1\" class=\"text_input is_email\" type=\"text\" id=\"avia_5_1\" value=\"\" \/><\/p><p class='  first_form  form_element form_fullwidth av-last-visible-form-element' id='element_avia_6_1'><label for=\"avia_6_1\" class=\"textare_label hidden textare_label_avia_6_1\">Zi\u0146a <abbr class=\"required\" title=\"required\">*<\/abbr><\/label><textarea  name=\"avia_6_1\" class=\"text_area is_empty\" cols=\"40\" rows=\"7\" id=\"avia_6_1\" ><\/textarea><\/p><p class=\"hidden\"><input type=\"text\" name=\"avia_7_1\" class=\"hidden \" id=\"avia_7_1\" value=\"\" \/><\/p><p class=\"form_element \"><input type=\"hidden\" value=\"1\" name=\"avia_generated_form1\" \/><input type=\"submit\" value=\"Piepras\u012bt pied\u0101v\u0101jumu\" class=\"button\"  data-sending-label=\"Sending\"\/><\/p><\/fieldset><\/form><div id=\"ajaxresponse_1\" class=\"ajaxresponse ajaxresponse_1 hidden\"><\/div><\/div>\n<style type=\"text\/css\" data-created_by=\"avia_inline_auto\" id=\"style-css-av-1uusm7-8430fbd55942fa9b28a4e1bcfc15c80d\">\n.flex_column.av-1uusm7-8430fbd55942fa9b28a4e1bcfc15c80d{\nborder-radius:0px 0px 0px 0px;\npadding:0px 0px 0px 0px;\n}\n<\/style>\n<div  class='flex_column av-1uusm7-8430fbd55942fa9b28a4e1bcfc15c80d av_one_fourth  avia-builder-el-23  el_after_av_one_half  avia-builder-el-last  flex_column_div av-zero-column-padding  '     ><\/div><\/div><\/div><\/div><!-- close content main div --><\/div><\/div><div id='after_section_4'  class='main_color av_default_container_wrap container_wrap sidebar_right'  ><div class='container av-section-cont-open' ><div class='template-page content  av-content-small alpha units'><div class='post-entry post-entry-type-page post-entry-1503'><div class='entry-content-wrapper clearfix'>\n","protected":false},"excerpt":{"rendered":"","protected":false},"author":3,"featured_media":0,"parent":0,"menu_order":0,"comment_status":"closed","ping_status":"closed","template":"","meta":{"footnotes":""},"class_list":["post-1503","page","type-page","status-publish","hentry"],"_links":{"self":[{"href":"https:\/\/sistematiks.com\/lv\/wp-json\/wp\/v2\/pages\/1503","targetHints":{"allow":["GET"]}}],"collection":[{"href":"https:\/\/sistematiks.com\/lv\/wp-json\/wp\/v2\/pages"}],"about":[{"href":"https:\/\/sistematiks.com\/lv\/wp-json\/wp\/v2\/types\/page"}],"author":[{"embeddable":true,"href":"https:\/\/sistematiks.com\/lv\/wp-json\/wp\/v2\/users\/3"}],"replies":[{"embeddable":true,"href":"https:\/\/sistematiks.com\/lv\/wp-json\/wp\/v2\/comments?post=1503"}],"version-history":[{"count":3,"href":"https:\/\/sistematiks.com\/lv\/wp-json\/wp\/v2\/pages\/1503\/revisions"}],"predecessor-version":[{"id":1528,"href":"https:\/\/sistematiks.com\/lv\/wp-json\/wp\/v2\/pages\/1503\/revisions\/1528"}],"wp:attachment":[{"href":"https:\/\/sistematiks.com\/lv\/wp-json\/wp\/v2\/media?parent=1503"}],"curies":[{"name":"wp","href":"https:\/\/api.w.org\/{rel}","templated":true}]}}